{"id":1178,"date":"2021-10-30T14:50:52","date_gmt":"2021-10-30T12:50:52","guid":{"rendered":"https:\/\/mangegenealogie.com\/?page_id=1178"},"modified":"2024-03-04T10:14:49","modified_gmt":"2024-03-04T09:14:49","slug":"suivre-nos-interventions","status":"publish","type":"page","link":"https:\/\/mangegenealogie.com\/?page_id=1178","title":{"rendered":"Suivez nos interventions"},"content":{"rendered":"\n<h2 class=\"wp-block-heading\">Pr\u00e9sentations<\/h2>\n\n\n\n<ul>\n<li>Nos anc\u00eatres sous la R\u00e9volution fran\u00e7aise. Salon RootsTech (FamilySearch), 2 mars 2024. [<a rel=\"noreferrer noopener\" href=\"https:\/\/www.familysearch.org\/fr\/rootstech\/session\/nos-ancetres-sous-la-revolution-francaise\" data-type=\"link\" data-id=\"https:\/\/www.familysearch.org\/fr\/rootstech\/session\/nos-ancetres-sous-la-revolution-francaise\" target=\"_blank\">RootsTech<\/a>] [<a rel=\"noreferrer noopener\" href=\"https:\/\/cms-z-assets.familysearch.org\/e3\/b7\/f4abcfd5715621e035df84a6cd31\/nos-ancetres-sous-la-revolution-francaise-syllabus-pdf.pdf\" data-type=\"link\" data-id=\"https:\/\/cms-z-assets.familysearch.org\/e3\/b7\/f4abcfd5715621e035df84a6cd31\/nos-ancetres-sous-la-revolution-francaise-syllabus-pdf.pdf\" target=\"_blank\">Syllabus<\/a>] [<a href=\"https:\/\/www.youtube.com\/watch?v=-Xq515nvyBs\" data-type=\"link\" data-id=\"https:\/\/www.youtube.com\/watch?v=-Xq515nvyBs\" target=\"_blank\" rel=\"noreferrer noopener\">YouTube<\/a>]<\/li>\n\n\n\n<li>Documenter un parcours militaire durant la Premi\u00e8re Guerre mondiale. Salon RootsTech (FamilySearch),  2 mars 2023. [<a rel=\"noreferrer noopener\" href=\"https:\/\/www.familysearch.org\/rootstech\/session\/documenter-un-parcours-militaire-durant-la-premiere-guerre-mondiale\" data-type=\"URL\" data-id=\"https:\/\/www.familysearch.org\/rootstech\/session\/documenter-un-parcours-militaire-durant-la-premiere-guerre-mondiale\" target=\"_blank\">RootsTech<\/a>] [<a rel=\"noreferrer noopener\" href=\"https:\/\/cms-b-assets.familysearch.org\/0d\/3c\/fd53d43a05cdf1fd6083d0ab0cb1\/documenter-un-parcours-militaire-durant-la-premiere-guerre-mondiale-syllabus-pdf.pdf\" data-type=\"URL\" data-id=\"https:\/\/cms-b-assets.familysearch.org\/0d\/3c\/fd53d43a05cdf1fd6083d0ab0cb1\/documenter-un-parcours-militaire-durant-la-premiere-guerre-mondiale-syllabus-pdf.pdf\" target=\"_blank\">Syllabus<\/a>] [<a rel=\"noreferrer noopener\" href=\"https:\/\/www.youtube.com\/watch?v=dmJJTubxdHk\" data-type=\"URL\" data-id=\"https:\/\/www.youtube.com\/watch?v=dmJJTubxdHk\" target=\"_blank\">YouTube<\/a>] <\/li>\n<\/ul>\n\n\n\n<h2 class=\"wp-block-heading\">T\u00e9l\u00e9vision<\/h2>\n\n\n\n<ul>\n<li>Chemins de traverse : Nolwenn Leroy. France 3,  18 ao\u00fbt 2023 (collaboration MyHeritage pour Martange Production). [<a rel=\"noreferrer noopener\" href=\"https:\/\/www.france.tv\/france-3\/chemins-de-traverse\/5141946-nolwenn-leroy.html\" data-type=\"link\" data-id=\"https:\/\/www.france.tv\/france-3\/chemins-de-traverse\/5141946-nolwenn-leroy.html\" target=\"_blank\">France TV Replay<\/a>]<\/li>\n<\/ul>\n\n\n\n<h2 class=\"wp-block-heading\">Webinaires <\/h2>\n\n\n\n<ul>\n<li>D\u00e9couvrir la vie de nos anc\u00eatres (militaires et civils) en 14-18. MyHeritage (Legacy Family Tree Webinars), 26 avril 2022. [<a title=\"YouTube\" rel=\"noreferrer noopener\" href=\"https:\/\/www.youtube.com\/watch?v=Wbq3SdDNaD8\" target=\"_blank\">YouTube<\/a>] [<a rel=\"noreferrer noopener\" href=\"https:\/\/familytreewebinars.com\/webinar\/decouvrir-la-vie-de-nos-ancetres-militaires-et-civils-en-14-18\/\" target=\"_blank\">Legacy Family Tree Webinars<\/a>] [<a rel=\"noreferrer noopener\" href=\"https:\/\/education.myheritage.fr\/webinar\/decouvrir-la-vie-de-nos-ancetres-militaires-et-civils-en-14-18\/\" data-type=\"URL\" data-id=\"https:\/\/education.myheritage.fr\/webinar\/decouvrir-la-vie-de-nos-ancetres-militaires-et-civils-en-14-18\/\" target=\"_blank\">MyHeritage &#8211; Base de connaissance<\/a>] [<a href=\"https:\/\/mangegenealogie.com\/wp-content\/uploads\/2023\/01\/Webinaire-26-avril-2022-MyHeritage-Ressources-Maj-Janv23.pdf\" data-type=\"URL\" data-id=\"https:\/\/mangegenealogie.com\/wp-content\/uploads\/2023\/01\/Webinaire-26-avril-2022-MyHeritage-Ressources-Maj-Janv23.pdf\" target=\"_blank\" rel=\"noreferrer noopener\">Fiche d&#8217;aide \u00e0 la recherche<\/a>]<\/li>\n\n\n\n<li>Les principales sources d\u2019archives g\u00e9n\u00e9alogiques. MyHeritage (Legacy Family Tree Webinars), 26 octobre 2020. [<a rel=\"noreferrer noopener\" title=\"YouTube\" href=\"https:\/\/www.youtube.com\/watch?v=SW2YWhMC-mo\" target=\"_blank\">YouTube<\/a>] [<a rel=\"noreferrer noopener\" href=\"https:\/\/familytreewebinars.com\/webinar\/les-principales-sources-darchives-genealogiques\/\" target=\"_blank\">Legacy Family Tree Webinars<\/a>] [<a rel=\"noreferrer noopener\" href=\"https:\/\/education.myheritage.fr\/webinar\/les-principales-sources-darchives-genealogiques\/\" data-type=\"URL\" data-id=\"https:\/\/education.myheritage.fr\/webinar\/les-principales-sources-darchives-genealogiques\/\" target=\"_blank\">MyHeritage &#8211; Base de connaissance<\/a>]<\/li>\n<\/ul>\n\n\n\n<h2 class=\"wp-block-heading\">Publications<\/h2>\n\n\n\n<ul>\n<li>Les particularit\u00e9s des patronymes en pays de Savoie. MyHeritage (Blog), 14 novembre 2023. [<a href=\"https:\/\/blog.myheritage.fr\/2023\/11\/les-particularites-des-patronymes-en-pays-de-savoie\/\" data-type=\"link\" data-id=\"https:\/\/blog.myheritage.fr\/2023\/11\/les-particularites-des-patronymes-en-pays-de-savoie\/\" target=\"_blank\" rel=\"noreferrer noopener\">MyHeritage &#8211; Blog<\/a>]<\/li>\n\n\n\n<li>L&#8217;\u00e9tat civil et les registres paroissiaux fran\u00e7ais. MyHeritage (Knowledge Base),  6 juillet 2022. [<a rel=\"noreferrer noopener\" title=\"article\" href=\"https:\/\/education.myheritage.fr\/article\/letat-civil-et-les-registres-paroissiaux-francais\/?lcpt=article\" target=\"_blank\">MyHeritage &#8211; Base de connaissance<\/a>]<\/li>\n\n\n\n<li>Zoom sur les recensements fran\u00e7ais de 1872 et 1906. MyHeritage (Knowledge Base),  9 mars 2022. [<a title=\"article\" rel=\"noreferrer noopener\" href=\"https:\/\/education.myheritage.fr\/article\/zoom-sur-les-recensements-francais-de-1872-et-1906\/\" target=\"_blank\">MyHeritage &#8211; Base de connaissance<\/a>]<\/li>\n\n\n\n<li>Comment approfondir vos recherches g\u00e9n\u00e9alogiques avec des archives m\u00e9connues. MyHeritage (Knowledge Base),  25 ao\u00fbt 2021. [<a rel=\"noreferrer noopener\" title=\" \" href=\"https:\/\/education.myheritage.fr\/article\/comment-approfondir-vos-recherches-genealogiques-avec-des-archives-meconnues\/\" target=\"_blank\">MyHeritage &#8211; Base de connaissance<\/a>]<\/li>\n\n\n\n<li>Utiliser les ressources de MyHeritage pour rechercher ses anc\u00eatres fran\u00e7ais. MyHeritage (Knowledge Base), 25 juillet 2021. [<a rel=\"noreferrer noopener\" href=\"https:\/\/education.myheritage.fr\/article\/utiliser-les-ressources-de-myheritage-pour-rechercher-ses-ancetres-francais\/\" target=\"_blank\">MyHeritage &#8211; Base de connaissance<\/a>]<\/li>\n\n\n\n<li>Comment d\u00e9marrer des recherches g\u00e9n\u00e9alogiques en France. MyHeritage (Knowledge Base), 28 juin 2021. [<a rel=\"noreferrer noopener\" href=\"https:\/\/education.myheritage.fr\/article\/comment-demarrer-des-recherches-genealogiques-en-france\/\" target=\"_blank\">MyHeritage &#8211; Base de connaissance<\/a>]<\/li>\n<\/ul>\n\n\n\n<h2 class=\"wp-block-heading\">Radio<\/h2>\n\n\n\n<ul>\n<li>La g\u00e9n\u00e9alogie : pour mieux conna\u00eetre son histoire. France Bleu Is\u00e8re (Grenoble), 9 ao\u00fbt 2019. [<a title=\"https:\/\/www.francebleu.fr\/emissions\/entre-nous-ce-qu-il-faut-retenir\/isere\/la-genealogie-pour-tous\" rel=\"noreferrer noopener\" href=\"https:\/\/www.francebleu.fr\/emissions\/entre-nous-ce-qu-il-faut-retenir\/isere\/la-genealogie-pour-tous\" target=\"_blank\">France Bleu Replay<\/a>]<\/li>\n<\/ul>\n","protected":false},"excerpt":{"rendered":"<p>Pr\u00e9sentations T\u00e9l\u00e9vision Webinaires Publications Radio<\/p>\n","protected":false},"author":1,"featured_media":0,"parent":0,"menu_order":0,"comment_status":"closed","ping_status":"closed","template":"","meta":{"disable_featured_image":false,"advanced_seo_description":"","jetpack_seo_html_title":"","jetpack_seo_noindex":false,"footnotes":""},"jetpack_sharing_enabled":true,"_links":{"self":[{"href":"https:\/\/mangegenealogie.com\/index.php?rest_route=\/wp\/v2\/pages\/1178"}],"collection":[{"href":"https:\/\/mangegenealogie.com\/index.php?rest_route=\/wp\/v2\/pages"}],"about":[{"href":"https:\/\/mangegenealogie.com\/index.php?rest_route=\/wp\/v2\/types\/page"}],"author":[{"embeddable":true,"href":"https:\/\/mangegenealogie.com\/index.php?rest_route=\/wp\/v2\/users\/1"}],"replies":[{"embeddable":true,"href":"https:\/\/mangegenealogie.com\/index.php?rest_route=%2Fwp%2Fv2%2Fcomments&post=1178"}],"version-history":[{"count":8,"href":"https:\/\/mangegenealogie.com\/index.php?rest_route=\/wp\/v2\/pages\/1178\/revisions"}],"predecessor-version":[{"id":2368,"href":"https:\/\/mangegenealogie.com\/index.php?rest_route=\/wp\/v2\/pages\/1178\/revisions\/2368"}],"wp:attachment":[{"href":"https:\/\/mangegenealogie.com\/index.php?rest_route=%2Fwp%2Fv2%2Fmedia&parent=1178"}],"curies":[{"name":"wp","href":"https:\/\/api.w.org\/{rel}","templated":true}]}}