{"id":1420,"date":"2021-11-06T23:32:46","date_gmt":"2021-11-06T22:32:46","guid":{"rendered":"https:\/\/mangegenealogie.com\/?page_id=1420"},"modified":"2025-08-10T11:14:16","modified_gmt":"2025-08-10T09:14:16","slug":"foire-aux-questions","status":"publish","type":"page","link":"https:\/\/mangegenealogie.com\/?page_id=1420","title":{"rendered":"Foire aux questions"},"content":{"rendered":"\n<p><em><strong>Jusqu\u2019o\u00f9 est-il possible de \u00ab&nbsp;remonter&nbsp;\u00bb sa g\u00e9n\u00e9alogie&nbsp;?<\/strong><\/em><\/p>\n\n\n\n<p>Il n\u2019y a pas de r\u00e9ponse universelle \u00e0 cette question, puisque cela d\u00e9pendra des lieux concern\u00e9s par la recherche et de la conservation des archives correspondantes. En France, il sera g\u00e9n\u00e9ralement possible de \u00ab&nbsp;remonter&nbsp;\u00bb jusqu\u2019\u00e0 la R\u00e9volution et parfois m\u00eame jusqu\u2019aux XVIIe ou XVIe si\u00e8cles. <\/p>\n\n\n\n<p><em><strong>Toutes les archives ont-elles \u00e9t\u00e9 d\u00e9truites&nbsp;?<\/strong><\/em><\/p>\n\n\n\n<p>En France les archives sont g\u00e9n\u00e9ralement bien conserv\u00e9es. Il est aussi vrai que de nombreux documents furent d\u00e9truits ou sont d\u00e9sormais conserv\u00e9s dans un \u00e9tat lacunaire du fait des guerres ou des incendies. Mais la richesse et la diversit\u00e9 des archives disponibles permettra souvent de palier \u00e0 ces destructions.<\/p>\n\n\n\n<p><em><strong>Quelle est cette orthographe&nbsp;?<\/strong><\/em><\/p>\n\n\n\n<p>En \u00ab&nbsp;remontant&nbsp;\u00bb le fil du temps, il est possible de rencontrer des variantes orthographiques d\u2019un nom de famille. Les cur\u00e9s puis les officiers de l\u2019\u00e9tat civil qui enregistraient les actes ne suivaient pas de r\u00e8gle pr\u00e9cise et certains \u00e9crivaient les noms phon\u00e9tiquement. Il n\u2019est donc pas rare de retrouver le m\u00eame patronyme avec plusieurs orthographes dans le m\u00eame document.<\/p>\n\n\n\n<p><em><strong>Ai-je des anc\u00eatres nobles&nbsp;?<\/strong><\/em><\/p>\n\n\n\n<p>Un nom \u00e0 particule ne signifie pas obligatoirement une origine noble. Des familles nobles n&#8217;ont pas de particule dans leur nom de famille, alors que des familles roturi\u00e8res poss\u00e8dent une particule.<\/p>\n\n\n\n<p><em><strong>Peut-on retrouver les origines d\u2019un enfant naturel ou abandonn\u00e9&nbsp;?<\/strong><\/em><\/p>\n\n\n\n<p>Cette situation particuli\u00e8re rendra les recherches difficiles. Afin d\u2019obtenir des informations sur un enfant ayant ces origines, il faudra consulter les archives hospitali\u00e8res, celles de l\u2019Assistance publique ou encore les archives notariales et communales.<\/p>\n","protected":false},"excerpt":{"rendered":"<p>Jusqu\u2019o\u00f9 est-il possible de \u00ab&nbsp;remonter&nbsp;\u00bb sa g\u00e9n\u00e9alogie&nbsp;? Il n\u2019y a pas de r\u00e9ponse universelle \u00e0 cette question, puisque cela d\u00e9pendra des lieux concern\u00e9s par la recherche et de la conservation des archives correspondantes. En France, il sera g\u00e9n\u00e9ralement possible de \u00ab&nbsp;remonter&nbsp;\u00bb jusqu\u2019\u00e0 la R\u00e9volution et parfois m\u00eame jusqu\u2019aux XVIIe ou XVIe si\u00e8cles. Toutes les archives [&hellip;]<\/p>\n","protected":false},"author":1,"featured_media":0,"parent":0,"menu_order":0,"comment_status":"closed","ping_status":"closed","template":"","meta":{"disable_featured_image":false,"advanced_seo_description":"","jetpack_seo_html_title":"","jetpack_seo_noindex":false,"footnotes":""},"jetpack_sharing_enabled":true,"_links":{"self":[{"href":"https:\/\/mangegenealogie.com\/index.php?rest_route=\/wp\/v2\/pages\/1420"}],"collection":[{"href":"https:\/\/mangegenealogie.com\/index.php?rest_route=\/wp\/v2\/pages"}],"about":[{"href":"https:\/\/mangegenealogie.com\/index.php?rest_route=\/wp\/v2\/types\/page"}],"author":[{"embeddable":true,"href":"https:\/\/mangegenealogie.com\/index.php?rest_route=\/wp\/v2\/users\/1"}],"replies":[{"embeddable":true,"href":"https:\/\/mangegenealogie.com\/index.php?rest_route=%2Fwp%2Fv2%2Fcomments&post=1420"}],"version-history":[{"count":4,"href":"https:\/\/mangegenealogie.com\/index.php?rest_route=\/wp\/v2\/pages\/1420\/revisions"}],"predecessor-version":[{"id":2591,"href":"https:\/\/mangegenealogie.com\/index.php?rest_route=\/wp\/v2\/pages\/1420\/revisions\/2591"}],"wp:attachment":[{"href":"https:\/\/mangegenealogie.com\/index.php?rest_route=%2Fwp%2Fv2%2Fmedia&parent=1420"}],"curies":[{"name":"wp","href":"https:\/\/api.w.org\/{rel}","templated":true}]}}