{"id":2018,"date":"2022-07-15T20:53:12","date_gmt":"2022-07-15T18:53:12","guid":{"rendered":"https:\/\/mangegenealogie.com\/?page_id=2018"},"modified":"2022-10-28T12:23:08","modified_gmt":"2022-10-28T10:23:08","slug":"blog-2","status":"publish","type":"page","link":"https:\/\/mangegenealogie.com\/?page_id=2018","title":{"rendered":"Blog"},"content":{"rendered":"\n\n\t\t<div class=\"bdp-post-masonry-wrp bdp-clearfix\" id=\"bdp-post-masonry-wrp-1\">\r\n\t\t\t<div class=\"bdp-post-masonry bdp-clearfix bdp-effect-2 bdp-design-2 bdpgrid-2\" id=\"bdp-post-masonry-1\">\r\n\r\n\t\t\t\t<div class=\"bdp-post-grid bdp-medium-6 bdp-columns\">\r\n\t<div class=\"bdp-post-grid-content \">\r\n\t\t\t\t<div class=\"bdp-post-image-bg\">\r\n\t\t\t<a href=\"https:\/\/mangegenealogie.com\/?p=2456\">\r\n\t\t\t\t<img src=\"https:\/\/mangegenealogie.com\/wp-content\/uploads\/2025\/07\/orga_fichiers_genea.jpg\" alt=\"Organiser ses archives g\u00e9n\u00e9alogiques (papiers et num\u00e9riques)\" \/>\r\n\t\t\t<\/a>\r\n\t\t<\/div>\r\n\t\t\r\n\t\t<div class=\"bdp-post-margin-content\">\r\n\t\t\t\r\n\t\t\t<h2 class=\"bdp-post-title\">\r\n\t\t\t\t<a href=\"https:\/\/mangegenealogie.com\/?p=2456\">Organiser ses archives g\u00e9n\u00e9alogiques (papiers et num\u00e9riques)<\/a>\r\n\t\t\t<\/h2>\r\n\r\n\t\t\t\t\t\t\t<div class=\"bdp-post-content\">\r\n\t\t\t\t\t<div class=\"bdp-post-short-content\">Le g\u00e9n\u00e9alogiste accumule une foule de documents. Que l\u2019on d\u00e9bute ou que l\u2019on soit passionn\u00e9, il est crucial d\u2019organiser ses archives avec m\u00e9thode...<\/div>\r\n\t\t\t\t\t\t\t\t\t\t<a href=\"https:\/\/mangegenealogie.com\/?p=2456\" class=\"bdp-readmorebtn\">Lire la suite<\/a>\r\n\t\t\t\t\t\t\t\t\t<\/div>\r\n\t\t\t\t\t<\/div>\r\n\t<\/div>\r\n<\/div><div class=\"bdp-post-grid bdp-medium-6 bdp-columns\">\r\n\t<div class=\"bdp-post-grid-content \">\r\n\t\t\t\t<div class=\"bdp-post-image-bg\">\r\n\t\t\t<a href=\"https:\/\/mangegenealogie.com\/?p=2411\">\r\n\t\t\t\t<img src=\"https:\/\/mangegenealogie.com\/wp-content\/uploads\/2024\/06\/Agence_Rol_btv1b69086027.jpg\" alt=\"Parcours de la Grande Guerre\u00a0: Hippolyte Monin\" \/>\r\n\t\t\t<\/a>\r\n\t\t<\/div>\r\n\t\t\r\n\t\t<div class=\"bdp-post-margin-content\">\r\n\t\t\t\r\n\t\t\t<h2 class=\"bdp-post-title\">\r\n\t\t\t\t<a href=\"https:\/\/mangegenealogie.com\/?p=2411\">Parcours de la Grande Guerre\u00a0: Hippolyte Monin<\/a>\r\n\t\t\t<\/h2>\r\n\r\n\t\t\t\t\t\t\t<div class=\"bdp-post-content\">\r\n\t\t\t\t\t<div class=\"bdp-post-short-content\">Les documents d'archives permettent de d\u00e9tailler le parcours d'Hippolyte Monin durant la Premi\u00e8re Guerre mondiale.<\/div>\r\n\t\t\t\t\t\t\t\t\t\t<a href=\"https:\/\/mangegenealogie.com\/?p=2411\" class=\"bdp-readmorebtn\">Lire la suite<\/a>\r\n\t\t\t\t\t\t\t\t\t<\/div>\r\n\t\t\t\t\t<\/div>\r\n\t<\/div>\r\n<\/div><div class=\"bdp-post-grid bdp-medium-6 bdp-columns\">\r\n\t<div class=\"bdp-post-grid-content \">\r\n\t\t\t\t<div class=\"bdp-post-image-bg\">\r\n\t\t\t<a href=\"https:\/\/mangegenealogie.com\/?p=2370\">\r\n\t\t\t\t<img src=\"https:\/\/mangegenealogie.com\/wp-content\/uploads\/2024\/03\/Prise_de_la_Bastille.jpg\" alt=\"Nos anc\u00eatres sous la R\u00e9volution fran\u00e7aise (RootsTech 2024)\" \/>\r\n\t\t\t<\/a>\r\n\t\t<\/div>\r\n\t\t\r\n\t\t<div class=\"bdp-post-margin-content\">\r\n\t\t\t\r\n\t\t\t<h2 class=\"bdp-post-title\">\r\n\t\t\t\t<a href=\"https:\/\/mangegenealogie.com\/?p=2370\">Nos anc\u00eatres sous la R\u00e9volution fran\u00e7aise (RootsTech 2024)<\/a>\r\n\t\t\t<\/h2>\r\n\r\n\t\t\t\t\t\t\t<div class=\"bdp-post-content\">\r\n\t\t\t\t\t<div class=\"bdp-post-short-content\">La R\u00e9volution fran\u00e7aise fut un moment cl\u00e9 pour l'Histoire, mais rechercher nos anc\u00eatres \u00e0 cette \u00e9poque peut parfois s'av\u00e9rer difficile...<\/div>\r\n\t\t\t\t\t\t\t\t\t\t<a href=\"https:\/\/mangegenealogie.com\/?p=2370\" class=\"bdp-readmorebtn\">Lire la suite<\/a>\r\n\t\t\t\t\t\t\t\t\t<\/div>\r\n\t\t\t\t\t<\/div>\r\n\t<\/div>\r\n<\/div><div class=\"bdp-post-grid bdp-medium-6 bdp-columns\">\r\n\t<div class=\"bdp-post-grid-content \">\r\n\t\t\t\t<div class=\"bdp-post-image-bg\">\r\n\t\t\t<a href=\"https:\/\/mangegenealogie.com\/?p=2287\">\r\n\t\t\t\t<img src=\"https:\/\/mangegenealogie.com\/wp-content\/uploads\/2023\/10\/chemins-de-traverse-nolwennleroy-fr3.jpg\" alt=\"Chemins de traverse : Nolwenn Leroy (France 3)\" \/>\r\n\t\t\t<\/a>\r\n\t\t<\/div>\r\n\t\t\r\n\t\t<div class=\"bdp-post-margin-content\">\r\n\t\t\t\r\n\t\t\t<h2 class=\"bdp-post-title\">\r\n\t\t\t\t<a href=\"https:\/\/mangegenealogie.com\/?p=2287\">Chemins de traverse : Nolwenn Leroy (France 3)<\/a>\r\n\t\t\t<\/h2>\r\n\r\n\t\t\t\t\t\t\t<div class=\"bdp-post-content\">\r\n\t\t\t\t\t<div class=\"bdp-post-short-content\">J'ai eu le plaisir de participer, avec les \u00e9quipes de MyHeritage, \u00e0 la r\u00e9alisation des recherches pr\u00e9sent\u00e9es dans l'\u00e9mission visant la famille Leroy...<\/div>\r\n\t\t\t\t\t\t\t\t\t\t<a href=\"https:\/\/mangegenealogie.com\/?p=2287\" class=\"bdp-readmorebtn\">Lire la suite<\/a>\r\n\t\t\t\t\t\t\t\t\t<\/div>\r\n\t\t\t\t\t<\/div>\r\n\t<\/div>\r\n<\/div><div class=\"bdp-post-grid bdp-medium-6 bdp-columns\">\r\n\t<div class=\"bdp-post-grid-content \">\r\n\t\t\t\t<div class=\"bdp-post-image-bg\">\r\n\t\t\t<a href=\"https:\/\/mangegenealogie.com\/?p=2299\">\r\n\t\t\t\t<img src=\"https:\/\/mangegenealogie.com\/wp-content\/uploads\/2022\/07\/soldats-1418-1024x1024.jpg\" alt=\"Documenter un parcours militaire durant la Premi\u00e8re Guerre mondiale (RootsTech 2023)\" \/>\r\n\t\t\t<\/a>\r\n\t\t<\/div>\r\n\t\t\r\n\t\t<div class=\"bdp-post-margin-content\">\r\n\t\t\t\r\n\t\t\t<h2 class=\"bdp-post-title\">\r\n\t\t\t\t<a href=\"https:\/\/mangegenealogie.com\/?p=2299\">Documenter un parcours militaire durant la Premi\u00e8re Guerre mondiale (RootsTech 2023)<\/a>\r\n\t\t\t<\/h2>\r\n\r\n\t\t\t\t\t\t\t<div class=\"bdp-post-content\">\r\n\t\t\t\t\t<div class=\"bdp-post-short-content\">Aujourd'hui, de nombreux documents d'archives sont accessibles et permettent de retracer l'itin\u00e9raire d'un soldat de la Premi\u00e8re Guerre mondiale...<\/div>\r\n\t\t\t\t\t\t\t\t\t\t<a href=\"https:\/\/mangegenealogie.com\/?p=2299\" class=\"bdp-readmorebtn\">Lire la suite<\/a>\r\n\t\t\t\t\t\t\t\t\t<\/div>\r\n\t\t\t\t\t<\/div>\r\n\t<\/div>\r\n<\/div><div class=\"bdp-post-grid bdp-medium-6 bdp-columns\">\r\n\t<div class=\"bdp-post-grid-content \">\r\n\t\t\t\t<div class=\"bdp-post-image-bg\">\r\n\t\t\t<a href=\"https:\/\/mangegenealogie.com\/?p=2303\">\r\n\t\t\t\t<img src=\"https:\/\/mangegenealogie.com\/wp-content\/uploads\/2022\/04\/webinaire-myheritage-2022.jpg\" alt=\"Webinaire : D\u00e9couvrir la vie de nos anc\u00eatres (militaires et civils) en 14-18\" \/>\r\n\t\t\t<\/a>\r\n\t\t<\/div>\r\n\t\t\r\n\t\t<div class=\"bdp-post-margin-content\">\r\n\t\t\t\r\n\t\t\t<h2 class=\"bdp-post-title\">\r\n\t\t\t\t<a href=\"https:\/\/mangegenealogie.com\/?p=2303\">Webinaire : D\u00e9couvrir la vie de nos anc\u00eatres (militaires et civils) en 14-18<\/a>\r\n\t\t\t<\/h2>\r\n\r\n\t\t\t\t\t\t\t<div class=\"bdp-post-content\">\r\n\t\t\t\t\t<div class=\"bdp-post-short-content\">Dans ce webinaire pr\u00e9sent\u00e9 pour MyHeritage, d\u00e9couvrez les sources disponibles pour documenter le parcours d'un anc\u00eatre durant la Grande Guerre...<\/div>\r\n\t\t\t\t\t\t\t\t\t\t<a href=\"https:\/\/mangegenealogie.com\/?p=2303\" class=\"bdp-readmorebtn\">Lire la suite<\/a>\r\n\t\t\t\t\t\t\t\t\t<\/div>\r\n\t\t\t\t\t<\/div>\r\n\t<\/div>\r\n<\/div><div class=\"bdp-post-grid bdp-medium-6 bdp-columns\">\r\n\t<div class=\"bdp-post-grid-content \">\r\n\t\t\t\t<div class=\"bdp-post-image-bg\">\r\n\t\t\t<a href=\"https:\/\/mangegenealogie.com\/?p=73\">\r\n\t\t\t\t<img src=\"https:\/\/mangegenealogie.com\/wp-content\/uploads\/2019\/07\/3.jpg\" alt=\"Des pr\u00e9noms presque oubli\u00e9s\" \/>\r\n\t\t\t<\/a>\r\n\t\t<\/div>\r\n\t\t\r\n\t\t<div class=\"bdp-post-margin-content\">\r\n\t\t\t\r\n\t\t\t<h2 class=\"bdp-post-title\">\r\n\t\t\t\t<a href=\"https:\/\/mangegenealogie.com\/?p=73\">Des pr\u00e9noms presque oubli\u00e9s<\/a>\r\n\t\t\t<\/h2>\r\n\r\n\t\t\t\t\t\t\t<div class=\"bdp-post-content\">\r\n\t\t\t\t\t<div class=\"bdp-post-short-content\">Certains de nos anc\u00eatres faisaient des choix originaux pour nommer leurs enfants : d\u00e9couvrez les pr\u00e9noms Archang\u00e9lique, Th\u00e9odorine, Mathurin ou Phan\u00e9lie...<\/div>\r\n\t\t\t\t\t\t\t\t\t\t<a href=\"https:\/\/mangegenealogie.com\/?p=73\" class=\"bdp-readmorebtn\">Lire la suite<\/a>\r\n\t\t\t\t\t\t\t\t\t<\/div>\r\n\t\t\t\t\t<\/div>\r\n\t<\/div>\r\n<\/div>\t\t\t<\/div>\r\n\r\n\t\t\t\t\t<\/div>\r\n\t\n","protected":false},"excerpt":{"rendered":"","protected":false},"author":1,"featured_media":0,"parent":0,"menu_order":0,"comment_status":"closed","ping_status":"closed","template":"","meta":{"disable_featured_image":false,"advanced_seo_description":"","jetpack_seo_html_title":"","jetpack_seo_noindex":false,"footnotes":""},"jetpack_sharing_enabled":true,"_links":{"self":[{"href":"https:\/\/mangegenealogie.com\/index.php?rest_route=\/wp\/v2\/pages\/2018"}],"collection":[{"href":"https:\/\/mangegenealogie.com\/index.php?rest_route=\/wp\/v2\/pages"}],"about":[{"href":"https:\/\/mangegenealogie.com\/index.php?rest_route=\/wp\/v2\/types\/page"}],"author":[{"embeddable":true,"href":"https:\/\/mangegenealogie.com\/index.php?rest_route=\/wp\/v2\/users\/1"}],"replies":[{"embeddable":true,"href":"https:\/\/mangegenealogie.com\/index.php?rest_route=%2Fwp%2Fv2%2Fcomments&post=2018"}],"version-history":[{"count":4,"href":"https:\/\/mangegenealogie.com\/index.php?rest_route=\/wp\/v2\/pages\/2018\/revisions"}],"predecessor-version":[{"id":2114,"href":"https:\/\/mangegenealogie.com\/index.php?rest_route=\/wp\/v2\/pages\/2018\/revisions\/2114"}],"wp:attachment":[{"href":"https:\/\/mangegenealogie.com\/index.php?rest_route=%2Fwp%2Fv2%2Fmedia&parent=2018"}],"curies":[{"name":"wp","href":"https:\/\/api.w.org\/{rel}","templated":true}]}}