{"id":2573,"date":"2025-08-02T12:15:57","date_gmt":"2025-08-02T10:15:57","guid":{"rendered":"https:\/\/mangegenealogie.com\/?page_id=2573"},"modified":"2025-08-02T12:24:12","modified_gmt":"2025-08-02T10:24:12","slug":"modeles-darbres-et-tutos","status":"publish","type":"page","link":"https:\/\/mangegenealogie.com\/?page_id=2573","title":{"rendered":"Fiches et arbres vierges"},"content":{"rendered":"\n<h3 class=\"wp-block-heading\">Notices<\/h3>\n\n\n\n<ul>\n<li><a rel=\"noreferrer noopener\" href=\"http:\/\/mangegenealogie.com\/wp-content\/uploads\/2023\/10\/Arbres-genealogiques-les-notions-de-base.pdf\" target=\"_blank\">Arbres g\u00e9n\u00e9alogiques : les notions de base<\/a>&nbsp;(PDF)<\/li>\n<\/ul>\n\n\n\n<h3 class=\"wp-block-heading\">Fiches de recherche<\/h3>\n\n\n\n<ul>\n<li><a rel=\"noreferrer noopener\" href=\"http:\/\/mangegenealogie.com\/wp-content\/uploads\/2023\/10\/Fiche-de-recherche-couple-dancetres.pdf\" target=\"_blank\">Fiche de recherche : couple d\u2019anc\u00eatres<\/a>&nbsp;(PDF)&nbsp;<\/li>\n\n\n\n<li><a rel=\"noreferrer noopener\" href=\"http:\/\/mangegenealogie.com\/wp-content\/uploads\/2023\/10\/Fiche-de-recherche-fonds-des-hypotheques.pdf\" target=\"_blank\">Fiche de recherche : fonds des hypoth\u00e8ques<\/a>&nbsp;(PDF)<\/li>\n<\/ul>\n\n\n\n<h3 class=\"wp-block-heading\">Tableaux g\u00e9n\u00e9alogiques<\/h3>\n\n\n\n<ul>\n<li><a href=\"http:\/\/mangegenealogie.com\/wp-content\/uploads\/2023\/10\/Tableau-genealogique-4-generations.pdf\" target=\"_blank\" rel=\"noreferrer noopener\">Tableau g\u00e9n\u00e9alogique simple (4 g\u00e9n\u00e9rations)<\/a>&nbsp;(PDF)<\/li>\n\n\n\n<li><a href=\"http:\/\/mangegenealogie.com\/wp-content\/uploads\/2023\/10\/Tableau-genealogique-4-generations-patrilineraire.pdf\" target=\"_blank\" rel=\"noreferrer noopener\">Tableau g\u00e9n\u00e9alogique simple : lign\u00e9e patrilin\u00e9aire (4 g\u00e9n\u00e9rations)<\/a>&nbsp;(PDF)<\/li>\n\n\n\n<li><a rel=\"noreferrer noopener\" href=\"http:\/\/mangegenealogie.com\/wp-content\/uploads\/2023\/10\/Tableau-genealogique-4-generations-matrilineraire.pdf\" target=\"_blank\">Tableau g\u00e9n\u00e9alogique simple : lign\u00e9e matrilin\u00e9aire (4 g\u00e9n\u00e9rations)<\/a>&nbsp;(PDF)<\/li>\n<\/ul>\n","protected":false},"excerpt":{"rendered":"<p>Notices Fiches de recherche Tableaux g\u00e9n\u00e9alogiques<\/p>\n","protected":false},"author":1,"featured_media":0,"parent":0,"menu_order":0,"comment_status":"closed","ping_status":"closed","template":"","meta":{"disable_featured_image":false,"advanced_seo_description":"","jetpack_seo_html_title":"","jetpack_seo_noindex":false,"footnotes":""},"jetpack_sharing_enabled":true,"_links":{"self":[{"href":"https:\/\/mangegenealogie.com\/index.php?rest_route=\/wp\/v2\/pages\/2573"}],"collection":[{"href":"https:\/\/mangegenealogie.com\/index.php?rest_route=\/wp\/v2\/pages"}],"about":[{"href":"https:\/\/mangegenealogie.com\/index.php?rest_route=\/wp\/v2\/types\/page"}],"author":[{"embeddable":true,"href":"https:\/\/mangegenealogie.com\/index.php?rest_route=\/wp\/v2\/users\/1"}],"replies":[{"embeddable":true,"href":"https:\/\/mangegenealogie.com\/index.php?rest_route=%2Fwp%2Fv2%2Fcomments&post=2573"}],"version-history":[{"count":4,"href":"https:\/\/mangegenealogie.com\/index.php?rest_route=\/wp\/v2\/pages\/2573\/revisions"}],"predecessor-version":[{"id":2582,"href":"https:\/\/mangegenealogie.com\/index.php?rest_route=\/wp\/v2\/pages\/2573\/revisions\/2582"}],"wp:attachment":[{"href":"https:\/\/mangegenealogie.com\/index.php?rest_route=%2Fwp%2Fv2%2Fmedia&parent=2573"}],"curies":[{"name":"wp","href":"https:\/\/api.w.org\/{rel}","templated":true}]}}