{"id":26,"date":"2021-08-20T19:22:17","date_gmt":"2021-08-20T17:22:17","guid":{"rendered":"https:\/\/mangegenealogie.com\/?page_id=26"},"modified":"2026-02-23T20:15:22","modified_gmt":"2026-02-23T19:15:22","slug":"etudes-notariales","status":"publish","type":"page","link":"https:\/\/mangegenealogie.com\/?page_id=26","title":{"rendered":"Identifier des ayants droit"},"content":{"rendered":"\n<p>Nous accompagnons les \u00e9tudes notariales dans la recherche et la v\u00e9rification des ayants droit, dans le cadre des successions. Nos recherches permettent de s\u00e9curiser la d\u00e9volution successorale et d&#8217;\u00e9tablir la qualit\u00e9 d&#8217;h\u00e9ritier avec rigueur et m\u00e9thode. <\/p>\n\n\n\n<h3 class=\"wp-block-heading\">Domaine d&#8217;intervention<\/h3>\n\n\n\n<p>Nous intervenons notamment pour :<\/p>\n\n\n\n<ul>\n<li>La recherche d&#8217;h\u00e9ritiers inconnus ou \u00e9loign\u00e9s<\/li>\n\n\n\n<li>La v\u00e9rification d&#8217;une d\u00e9volution successorale<\/li>\n\n\n\n<li>La reconstitution de lign\u00e9es familiales<\/li>\n\n\n\n<li>La confirmation de la qualit\u00e9 d&#8217;h\u00e9ritier.<\/li>\n<\/ul>\n\n\n\n<h3 class=\"wp-block-heading\">Les \u00e9tapes d&#8217;un dossier<\/h3>\n\n\n\n<p><strong>I. Le mandat<\/strong> <\/p>\n\n\n\n<p>Un g\u00e9n\u00e9alogiste peut \u00eatre mandat\u00e9 par toute personne ayant un int\u00e9r\u00eat direct et l\u00e9gitime \u00e0 l\u2019identification des h\u00e9ritiers ou au r\u00e8glement de la succession, ainsi qu&#8217;il r\u00e9sulte de l\u2019<a href=\"https:\/\/www.legifrance.gouv.fr\/loda\/article_lc\/LEGIARTI000006284870\" target=\"_blank\" rel=\"noreferrer noopener\" title=\"https:\/\/www.legifrance.gouv.fr\/loda\/article_lc\/LEGIARTI000006284870\">article 36 de la loi n\u00b02006-728 du 23 juin 2006 portant r\u00e9forme des successions et des lib\u00e9ralit\u00e9s<\/a>.<\/p>\n\n\n\n<p><strong>II. Les recherches<\/strong> <\/p>\n\n\n\n<p>Nos recherches sont dirig\u00e9es principalement aupr\u00e8s des services d&#8217;archives, ainsi qu&#8217;aux greffes des tribunaux ou aux services de la publicit\u00e9 fonci\u00e8re. La consultation des documents d&#8217;\u00e9tat civil les plus r\u00e9cents n\u00e9cessite notamment une autorisation du Service interminist\u00e9riel des archives de France (SIAF), en application de la <a rel=\"noreferrer noopener\" href=\"https:\/\/francearchives.gouv.fr\/fr\/file\/3985f2e59c95872128707dae6c978fef82a9f412\/DGPA_SIAF_2022_011.pdf\" target=\"_blank\">circulaire DGPA\/SIAF\/2022\/011 du 4 janvier 2023<\/a> (PDF). Nous disposons de cette d\u00e9rogation depuis notre ouverture en 2019.<\/p>\n\n\n\n<p><strong>III. Les r\u00e9sultats<\/strong> <\/p>\n\n\n\n<p>Nos travaux permettront de fournir le tableau g\u00e9n\u00e9alogique prouvant les filiations des h\u00e9ritiers, ainsi que toutes les pi\u00e8ces justificatives n\u00e9cessaires \u00e0 l&#8217;\u00e9tablissement de la d\u00e9volution successorale du\/de la d\u00e9funt(e).&nbsp;<\/p>\n\n\n\n<h3 class=\"wp-block-heading\">Nos engagements<\/h3>\n\n\n\n<p>Nos recherches reposent sur des principes de rigueur et de collaboration :<\/p>\n\n\n\n<ul>\n<li>Confidentialit\u00e9 des informations trait\u00e9es<\/li>\n\n\n\n<li>Rigueur documentaire et tra\u00e7abilit\u00e9 des recherches<\/li>\n\n\n\n<li>Collaboration directe avec l&#8217;\u00e9tude notariale.<\/li>\n<\/ul>\n\n\n\n<h3 class=\"wp-block-heading\">Livrables remis \u00e0 l&#8217;\u00e9tude notariale<\/h3>\n\n\n\n<p>\u00c0 l&#8217;issue des recherches, un rapport d\u00e9taill\u00e9 est remis \u00e0 l&#8217;\u00e9tude notariale comprenant :<\/p>\n\n\n\n<ul>\n<li>Les filiations \u00e9tablies et v\u00e9rifi\u00e9es<\/li>\n\n\n\n<li>Les justificatifs archivistiques et leurs r\u00e9f\u00e9rences <\/li>\n\n\n\n<li>Un sch\u00e9ma de d\u00e9volution successorale (si n\u00e9cessaire).<\/li>\n<\/ul>\n\n\n\n<h3 class=\"wp-block-heading\">Intervention sur mandat<\/h3>\n\n\n\n<p>Nos recherches sont r\u00e9alis\u00e9es exclusivement sur mandat.<\/p>\n\n\n<p><a href=\"http:\/\/mangegenealogie.com\/wp-content\/uploads\/2023\/10\/Mandat-de-recherche.pdf\" target=\"_blank\" rel=\"noopener\"><img decoding=\"async\" loading=\"lazy\" class=\"alignnone wp-image-2670\" src=\"http:\/\/mangegenealogie.com\/wp-content\/uploads\/2026\/02\/Mandat-de-recherche.jpg\" alt=\"\" width=\"141\" height=\"200\" srcset=\"https:\/\/mangegenealogie.com\/wp-content\/uploads\/2026\/02\/Mandat-de-recherche.jpg 1240w, https:\/\/mangegenealogie.com\/wp-content\/uploads\/2026\/02\/Mandat-de-recherche-212x300.jpg 212w, https:\/\/mangegenealogie.com\/wp-content\/uploads\/2026\/02\/Mandat-de-recherche-724x1024.jpg 724w, https:\/\/mangegenealogie.com\/wp-content\/uploads\/2026\/02\/Mandat-de-recherche-768x1086.jpg 768w, https:\/\/mangegenealogie.com\/wp-content\/uploads\/2026\/02\/Mandat-de-recherche-1086x1536.jpg 1086w, https:\/\/mangegenealogie.com\/wp-content\/uploads\/2026\/02\/Mandat-de-recherche-416x588.jpg 416w\" sizes=\"(max-width: 141px) 100vw, 141px\" \/><\/a><\/p>\n<p><a href=\"http:\/\/mangegenealogie.com\/wp-content\/uploads\/2023\/10\/Mandat-de-recherche.pdf\" target=\"_blank\" rel=\"noopener\">Mandat de recherche<\/a> \u00e0 nous retourner (PDF).<\/p>","protected":false},"excerpt":{"rendered":"<p>Nous accompagnons les \u00e9tudes notariales dans la recherche et la v\u00e9rification des ayants droit, dans le cadre des successions. Nos recherches permettent de s\u00e9curiser la d\u00e9volution successorale et d&#8217;\u00e9tablir la qualit\u00e9 d&#8217;h\u00e9ritier avec rigueur et m\u00e9thode. Domaine d&#8217;intervention Nous intervenons notamment pour : Les \u00e9tapes d&#8217;un dossier I. Le mandat Un g\u00e9n\u00e9alogiste peut \u00eatre mandat\u00e9 [&hellip;]<\/p>\n","protected":false},"author":1,"featured_media":0,"parent":0,"menu_order":0,"comment_status":"closed","ping_status":"closed","template":"","meta":{"disable_featured_image":false,"advanced_seo_description":"","jetpack_seo_html_title":"","jetpack_seo_noindex":false,"footnotes":""},"jetpack_sharing_enabled":true,"_links":{"self":[{"href":"https:\/\/mangegenealogie.com\/index.php?rest_route=\/wp\/v2\/pages\/26"}],"collection":[{"href":"https:\/\/mangegenealogie.com\/index.php?rest_route=\/wp\/v2\/pages"}],"about":[{"href":"https:\/\/mangegenealogie.com\/index.php?rest_route=\/wp\/v2\/types\/page"}],"author":[{"embeddable":true,"href":"https:\/\/mangegenealogie.com\/index.php?rest_route=\/wp\/v2\/users\/1"}],"replies":[{"embeddable":true,"href":"https:\/\/mangegenealogie.com\/index.php?rest_route=%2Fwp%2Fv2%2Fcomments&post=26"}],"version-history":[{"count":13,"href":"https:\/\/mangegenealogie.com\/index.php?rest_route=\/wp\/v2\/pages\/26\/revisions"}],"predecessor-version":[{"id":2672,"href":"https:\/\/mangegenealogie.com\/index.php?rest_route=\/wp\/v2\/pages\/26\/revisions\/2672"}],"wp:attachment":[{"href":"https:\/\/mangegenealogie.com\/index.php?rest_route=%2Fwp%2Fv2%2Fmedia&parent=26"}],"curies":[{"name":"wp","href":"https:\/\/api.w.org\/{rel}","templated":true}]}}