{"id":558,"date":"2021-08-23T18:05:56","date_gmt":"2021-08-23T16:05:56","guid":{"rendered":"https:\/\/mangegenealogie.com\/?page_id=558"},"modified":"2021-08-23T18:25:54","modified_gmt":"2021-08-23T16:25:54","slug":"plan-du-site","status":"publish","type":"page","link":"https:\/\/mangegenealogie.com\/?page_id=558","title":{"rendered":"Plan du site"},"content":{"rendered":"<div class=\"wsp-container\"><h2 class=\"wsp-pages-title\">Pages<\/h2>\n<ul class=\"wsp-pages-list\">\n<li class=\"page_item page-item-43\"><a href=\"https:\/\/mangegenealogie.com\/\">Accueil<\/a><\/li>\n<li class=\"page_item page-item-2018\"><a href=\"https:\/\/mangegenealogie.com\/?page_id=2018\">Blog<\/a><\/li>\n<li class=\"page_item page-item-5\"><a href=\"https:\/\/mangegenealogie.com\/?page_id=5\">Boutique<\/a><\/li>\n<li class=\"page_item page-item-585\"><a href=\"https:\/\/mangegenealogie.com\/?page_id=585\">Conditions g\u00e9n\u00e9rales de vente<\/a><\/li>\n<li class=\"page_item page-item-8\"><a href=\"https:\/\/mangegenealogie.com\/?page_id=8\">Espace client<\/a><\/li>\n<li class=\"page_item page-item-2573\"><a href=\"https:\/\/mangegenealogie.com\/?page_id=2573\">Fiches et arbres vierges<\/a><\/li>\n<li class=\"page_item page-item-1420\"><a href=\"https:\/\/mangegenealogie.com\/?page_id=1420\">Foire aux questions<\/a><\/li>\n<li class=\"page_item page-item-431\"><a href=\"https:\/\/mangegenealogie.com\/?page_id=431\">Formulaire de contact<\/a><\/li>\n<li class=\"page_item page-item-1422\"><a href=\"https:\/\/mangegenealogie.com\/?page_id=1422\">Galerie d&#8217;images<\/a><\/li>\n<li class=\"page_item page-item-26\"><a href=\"https:\/\/mangegenealogie.com\/?page_id=26\">Identifier des ayants droit<\/a><\/li>\n<li class=\"page_item page-item-1199\"><a href=\"https:\/\/mangegenealogie.com\/?page_id=1199\">Liens utiles<\/a><\/li>\n<li class=\"page_item page-item-2637\"><a href=\"https:\/\/mangegenealogie.com\/?page_id=2637\">Lire un document ancien<\/a><\/li>\n<li class=\"page_item page-item-583\"><a href=\"https:\/\/mangegenealogie.com\/?page_id=583\">Mentions l\u00e9gales<\/a><\/li>\n<li class=\"page_item page-item-598\"><a href=\"https:\/\/mangegenealogie.com\/?page_id=598\">Politique de confidentialit\u00e9 et d&#8217;utilisation<\/a><\/li>\n<li class=\"page_item page-item-648\"><a href=\"https:\/\/mangegenealogie.com\/?page_id=648\">R\u00e9aliser un arbre g\u00e9n\u00e9alogique<\/a><\/li>\n<li class=\"page_item page-item-1178\"><a href=\"https:\/\/mangegenealogie.com\/?page_id=1178\">Suivez nos interventions<\/a><\/li>\n<\/ul>\n<\/div>\n\n\n<div class=\"wsp-container\"><h2 class=\"wsp-products-title\">Produits<\/h2>\n<ul class=\"wsp-products-list\">\n<li><a href=\"https:\/\/mangegenealogie.com\/?product=poster-a2\">Poster Arbre G\u00e9n\u00e9alogique (format A2)<\/a><\/li>\n<li><a href=\"https:\/\/mangegenealogie.com\/?product=poster-a3\">Poster Arbre G\u00e9n\u00e9alogique (format A3)<\/a><\/li>\n<li><a href=\"https:\/\/mangegenealogie.com\/?product=carte-cadeau\">Carte Cadeau<\/a><\/li>\n<\/ul>\n<\/div>\n\n\n<div class=\"wsp-container\"><h2 class=\"wsp-posts-title\">Articles par cat\u00e9gorie<\/h2>\n<ul class=\"wsp-posts-list\">\n\t<li><strong class=\"wsp-category-title\">Cat\u00e9gorie\u00a0: <a href=\"https:\/\/mangegenealogie.com\/?cat=115\">organisation<\/a><\/strong>\n<ul class=\"wsp-posts-list\">\t\t<li class=\"wsp-post\"><a href=\"https:\/\/mangegenealogie.com\/?p=2456\">01\/08\/2025 : Organiser ses archives g\u00e9n\u00e9alogiques (papiers et num\u00e9riques)<\/a><\/li>\n<\/ul><\/li>\n\t<li><strong class=\"wsp-category-title\">Cat\u00e9gorie\u00a0: <a href=\"https:\/\/mangegenealogie.com\/?cat=106\">premi\u00e8re guerre mondiale<\/a><\/strong>\n<ul class=\"wsp-posts-list\">\t\t<li class=\"wsp-post\"><a href=\"https:\/\/mangegenealogie.com\/?p=2411\">14\/06\/2024 : Parcours de la Grande Guerre\u00a0: Hippolyte Monin<\/a><\/li>\n\t\t<li class=\"wsp-post\"><a href=\"https:\/\/mangegenealogie.com\/?p=2299\">03\/03\/2023 : Documenter un parcours militaire durant la Premi\u00e8re Guerre mondiale (RootsTech 2023)<\/a><\/li>\n\t\t<li class=\"wsp-post\"><a href=\"https:\/\/mangegenealogie.com\/?p=2303\">27\/04\/2022 : Webinaire : D\u00e9couvrir la vie de nos anc\u00eatres (militaires et civils) en 14-18<\/a><\/li>\n<\/ul><\/li>\n\t<li><strong class=\"wsp-category-title\">Cat\u00e9gorie\u00a0: <a href=\"https:\/\/mangegenealogie.com\/?cat=89\">pr\u00e9noms<\/a><\/strong>\n<ul class=\"wsp-posts-list\">\t\t<li class=\"wsp-post\"><a href=\"https:\/\/mangegenealogie.com\/?p=73\">19\/07\/2019 : Des pr\u00e9noms presque oubli\u00e9s<\/a><\/li>\n<\/ul><\/li>\n\t<li><strong class=\"wsp-category-title\">Cat\u00e9gorie\u00a0: <a href=\"https:\/\/mangegenealogie.com\/?cat=95\">r\u00e9volution fran\u00e7aise<\/a><\/strong>\n<ul class=\"wsp-posts-list\">\t\t<li class=\"wsp-post\"><a href=\"https:\/\/mangegenealogie.com\/?p=2370\">04\/03\/2024 : Nos anc\u00eatres sous la R\u00e9volution fran\u00e7aise (RootsTech 2024)<\/a><\/li>\n<\/ul><\/li>\n\t<li><strong class=\"wsp-category-title\">Cat\u00e9gorie\u00a0: <a href=\"https:\/\/mangegenealogie.com\/?cat=111\">rootstech<\/a><\/strong>\n<\/li>\n\t<li><strong class=\"wsp-category-title\">Cat\u00e9gorie\u00a0: <a href=\"https:\/\/mangegenealogie.com\/?cat=110\">t\u00e9l\u00e9vision<\/a><\/strong>\n<ul class=\"wsp-posts-list\">\t\t<li class=\"wsp-post\"><a href=\"https:\/\/mangegenealogie.com\/?p=2287\">19\/08\/2023 : Chemins de traverse : Nolwenn Leroy (France 3)<\/a><\/li>\n<\/ul><\/li>\n\t<li><strong class=\"wsp-category-title\">Cat\u00e9gorie\u00a0: <a href=\"https:\/\/mangegenealogie.com\/?cat=114\">webinaire<\/a><\/strong>\n<\/li>\n<\/ul>\n<\/div>\n","protected":false},"excerpt":{"rendered":"","protected":false},"author":1,"featured_media":0,"parent":0,"menu_order":0,"comment_status":"closed","ping_status":"closed","template":"","meta":{"disable_featured_image":false,"advanced_seo_description":"","jetpack_seo_html_title":"","jetpack_seo_noindex":false,"footnotes":""},"jetpack_sharing_enabled":true,"_links":{"self":[{"href":"https:\/\/mangegenealogie.com\/index.php?rest_route=\/wp\/v2\/pages\/558"}],"collection":[{"href":"https:\/\/mangegenealogie.com\/index.php?rest_route=\/wp\/v2\/pages"}],"about":[{"href":"https:\/\/mangegenealogie.com\/index.php?rest_route=\/wp\/v2\/types\/page"}],"author":[{"embeddable":true,"href":"https:\/\/mangegenealogie.com\/index.php?rest_route=\/wp\/v2\/users\/1"}],"replies":[{"embeddable":true,"href":"https:\/\/mangegenealogie.com\/index.php?rest_route=%2Fwp%2Fv2%2Fcomments&post=558"}],"version-history":[{"count":0,"href":"https:\/\/mangegenealogie.com\/index.php?rest_route=\/wp\/v2\/pages\/558\/revisions"}],"wp:attachment":[{"href":"https:\/\/mangegenealogie.com\/index.php?rest_route=%2Fwp%2Fv2%2Fmedia&parent=558"}],"curies":[{"name":"wp","href":"https:\/\/api.w.org\/{rel}","templated":true}]}}