{"id":583,"date":"2021-08-24T09:55:26","date_gmt":"2021-08-24T07:55:26","guid":{"rendered":"https:\/\/mangegenealogie.com\/?page_id=583"},"modified":"2025-08-10T11:06:34","modified_gmt":"2025-08-10T09:06:34","slug":"mentions-legales","status":"publish","type":"page","link":"https:\/\/mangegenealogie.com\/?page_id=583","title":{"rendered":"Mentions l\u00e9gales"},"content":{"rendered":"\n<p><em>En vertu de la\u00a0<a rel=\"noreferrer noopener\" href=\"https:\/\/www.legifrance.gouv.fr\/affichTexte.do?cidTexte=JORFTEXT000000801164&amp;categorieLien=id\" target=\"_blank\">loi n\u00b02004-575 du 21 juin 2004<\/a>\u00a0pour la confiance dans l&#8217;\u00e9conomie num\u00e9rique, il est pr\u00e9cis\u00e9 aux utilisateurs du site\u00a0<a href=\"https:\/\/www.mangegenealogie.com\/\">https:\/\/mangegenealogie.com<\/a>\u00a0les identit\u00e9s des diff\u00e9rents intervenants dans le cadre de sa r\u00e9alisation et de son suivi.  Cette page a \u00e9t\u00e9 mise \u00e0 jour pour la derni\u00e8re fois le 10 ao\u00fbt 2025.<\/em><\/p>\n\n\n\n<h2 class=\"wp-block-heading\">1. Propri\u00e9taire (\u00e9dition, publication) et webmaster<\/h2>\n\n\n\n<p>Le site <a href=\"https:\/\/mangegenealogie.com\">https:\/\/mangegenealogie.com<\/a> est la propri\u00e9t\u00e9 exclusive de l&#8217;\u00c9tude G\u00e9n\u00e9alogique Micka\u00ebl Mange, repr\u00e9sent\u00e9e par Monsieur Mange Micka\u00ebl.<br>SIRET 851 303 628 000 16 &#8211;&nbsp;SIREN 851 303 628 &#8211;&nbsp;APE 9609Z<br>Dispens\u00e9 d\u2019immatriculation au registre du commerce et des soci\u00e9t\u00e9s ainsi qu&#8217;au r\u00e9pertoire des m\u00e9tiers<br>Assurance au titre de la responsabilit\u00e9 civile professionnelle n\u00b0HSXIN320013611M<br>Adresse postale : 12 place Saint-Vallier, 38140 RIVES, FRANCE<br>Email : <a href=\"mailto:contact@mangegenealogie.com\">contact@mangegenealogie.com<\/a><br>T\u00e9l\u00e9phone : <a href=\"tel:+33458150411\">+33 4 58 15 04 11<\/a><\/p>\n\n\n\n<h2 class=\"wp-block-heading\">2. Registrar du nom de domaine<\/h2>\n\n\n\n<p>Gandi SAS<br>63-65 boulevard Mass\u00e9na 75013 PARIS, FRANCE<\/p>\n\n\n\n<h2 class=\"wp-block-heading\">3. H\u00e9bergement<\/h2>\n\n\n\n<p>Hostinger International LTD<br>61 Lordou Vironos Street 6023 LARNACA, CHYPRE (CYPRUS)<\/p>\n\n\n\n<h2 class=\"wp-block-heading\">4. Propri\u00e9t\u00e9 intellectuelle<\/h2>\n\n\n\n<p>De mani\u00e8re g\u00e9n\u00e9rale et sauf mention contraire, l&#8217;ensemble des textes et visuels qui sont pr\u00e9sents sur ce site sont la propri\u00e9t\u00e9 exclusive de l&#8217;\u00c9tude G\u00e9n\u00e9alogique Micka\u00ebl Mange. Toute reproduction ou repr\u00e9sentation de ce site, partielle ou totale, par quelque proc\u00e9d\u00e9 que ce soit, n\u2019est permise qu\u2019en vue d\u2019un usage strictement priv\u00e9. Toute autre utilisation est interdite sauf par une autorisation pr\u00e9alable et \u00e9crite.<\/p>\n","protected":false},"excerpt":{"rendered":"<p>En vertu de la\u00a0loi n\u00b02004-575 du 21 juin 2004\u00a0pour la confiance dans l&#8217;\u00e9conomie num\u00e9rique, il est pr\u00e9cis\u00e9 aux utilisateurs du site\u00a0https:\/\/mangegenealogie.com\u00a0les identit\u00e9s des diff\u00e9rents intervenants dans le cadre de sa r\u00e9alisation et de son suivi. Cette page a \u00e9t\u00e9 mise \u00e0 jour pour la derni\u00e8re fois le 10 ao\u00fbt 2025. 1. Propri\u00e9taire (\u00e9dition, publication) et [&hellip;]<\/p>\n","protected":false},"author":1,"featured_media":0,"parent":0,"menu_order":0,"comment_status":"closed","ping_status":"closed","template":"","meta":{"disable_featured_image":false,"advanced_seo_description":"","jetpack_seo_html_title":"","jetpack_seo_noindex":false,"footnotes":""},"jetpack_sharing_enabled":true,"_links":{"self":[{"href":"https:\/\/mangegenealogie.com\/index.php?rest_route=\/wp\/v2\/pages\/583"}],"collection":[{"href":"https:\/\/mangegenealogie.com\/index.php?rest_route=\/wp\/v2\/pages"}],"about":[{"href":"https:\/\/mangegenealogie.com\/index.php?rest_route=\/wp\/v2\/types\/page"}],"author":[{"embeddable":true,"href":"https:\/\/mangegenealogie.com\/index.php?rest_route=\/wp\/v2\/users\/1"}],"replies":[{"embeddable":true,"href":"https:\/\/mangegenealogie.com\/index.php?rest_route=%2Fwp%2Fv2%2Fcomments&post=583"}],"version-history":[{"count":3,"href":"https:\/\/mangegenealogie.com\/index.php?rest_route=\/wp\/v2\/pages\/583\/revisions"}],"predecessor-version":[{"id":2589,"href":"https:\/\/mangegenealogie.com\/index.php?rest_route=\/wp\/v2\/pages\/583\/revisions\/2589"}],"wp:attachment":[{"href":"https:\/\/mangegenealogie.com\/index.php?rest_route=%2Fwp%2Fv2%2Fmedia&parent=583"}],"curies":[{"name":"wp","href":"https:\/\/api.w.org\/{rel}","templated":true}]}}