{"id":598,"date":"2021-08-24T11:52:46","date_gmt":"2021-08-24T09:52:46","guid":{"rendered":"https:\/\/mangegenealogie.com\/?page_id=598"},"modified":"2023-10-10T16:32:37","modified_gmt":"2023-10-10T14:32:37","slug":"politique-de-confidentialite","status":"publish","type":"page","link":"https:\/\/mangegenealogie.com\/?page_id=598","title":{"rendered":"Politique de confidentialit\u00e9 et d&#8217;utilisation"},"content":{"rendered":"\n<p><em>La pr\u00e9sente politique fait r\u00e9f\u00e9rence au site <a href=\"https:\/\/mangegenealogie.com\">https:\/\/mangegenealogie.com<\/a>, en vertu du <a rel=\"noreferrer noopener\" href=\"https:\/\/www.cnil.fr\/fr\/reglement-europeen-protection-donnees\" target=\"_blank\">R\u00e8glement g\u00e9n\u00e9ral sur la protection des donn\u00e9es<\/a> (RGPD). Cette politique s\u2019applique aux citoyens et aux r\u00e9sidents permanents l\u00e9gaux de l\u2019Espace \u00e9conomique europ\u00e9en.<\/em> <\/p>\n\n\n\n<h2 class=\"wp-block-heading\">1. Introduction<\/h2>\n\n\n\n<p>Notre site utilise des cookies et autres technologies li\u00e9es (par simplification, toutes ces technologies sont d\u00e9sign\u00e9es par le terme \u00ab cookies \u00bb). Des cookies sont \u00e9galement plac\u00e9s par des tierces parties. Dans le document ci-dessous, nous vous informons de l\u2019utilisation des cookies sur notre site web. Un cookie est un petit fichier simple envoy\u00e9 avec les pages de ce site et stock\u00e9 par votre navigateur sur le disque dur de votre ordinateur ou d\u2019un autre appareil. Les informations qui y sont stock\u00e9es peuvent \u00eatre renvoy\u00e9es \u00e0 nos serveurs ou aux serveurs des tierces parties concern\u00e9es lors d\u2019une visite ult\u00e9rieure. Un script est un \u00e9l\u00e9ment de code utilis\u00e9 pour que notre site fonctionne correctement et de mani\u00e8re interactive. Ce code est ex\u00e9cut\u00e9 sur notre serveur ou sur votre appareil. Une balise invisible (ou balise web) est un petit morceau de texte ou d\u2019image invisible sur un site web, utilis\u00e9 pour suivre le trafic sur un site web. Pour ce faire, diverses donn\u00e9es vous concernant sont stock\u00e9es \u00e0 l\u2019aide de balises invisibles.<\/p>\n\n\n\n<h2 class=\"wp-block-heading\">2. Cookies<\/h2>\n\n\n\n<p>2.1 Cookies techniques ou fonctionnels <\/p>\n\n\n\n<p>Certains cookies assurent le fonctionnement correct de certaines parties du site et la prise en compte de vos pr\u00e9f\u00e9rences en tant qu\u2019utilisateur. En pla\u00e7ant des cookies fonctionnels, nous vous facilitons la visite de notre site. Ainsi, vous n\u2019avez pas besoin de saisir \u00e0 plusieurs reprises les m\u00eames informations lors de la visite de notre site web et, par exemple, les \u00e9l\u00e9ments restent dans votre panier jusqu\u2019\u00e0 votre paiement. Nous pouvons placer ces cookies sans votre consentement.<\/p>\n\n\n\n<p>2.2 Cookies statistiques<\/p>\n\n\n\n<p>Nous utilisons des cookies statistiques afin d\u2019optimiser l\u2019exp\u00e9rience des utilisateurs sur notre site. Avec ces cookies statistiques, nous obtenons des informations sur l\u2019utilisation de notre site web.&nbsp;Nous demandons votre permission pour placer des cookies statistiques.<\/p>\n\n\n\n<p>2.3 Cookies publicitaires<\/p>\n\n\n\n<p>Sur ce site web, nous utilisons des cookies publicitaires, ce qui nous permet de personnaliser les publicit\u00e9s pour vous&nbsp;; et nous (ainsi que des tierces parties) obtiendrons des informations des r\u00e9sultats de la campagne. Cela se produit gr\u00e2ce \u00e0 un profil que nous cr\u00e9ons en fonction de votre navigation et de vos clics, sur et en dehors de <a href=\"https:\/\/mangegenealogie.com\">https:\/\/mangegenealogie.com<\/a>. Avec ces cookies, vous \u00eates associ\u00e9(e) \u00e0 un ID unique en tant que visiteur du site, afin que vous ne voyiez pas la m\u00eame publicit\u00e9 plus d\u2019une fois, par exemple.<\/p>\n\n\n\n<p>2.4 Cookies de marketing\/suivi<\/p>\n\n\n\n<p>Les cookies de marketing\/suivi sont des cookies ou toute autre forme de stockage local, utilis\u00e9s pour cr\u00e9er des profils d\u2019utilisateurs afin d\u2019afficher de la publicit\u00e9 ou de suivre l\u2019utilisateur sur ce site ou sur plusieurs sites web dans des finalit\u00e9s marketing similaires. Parce que ces cookies sont marqu\u00e9s comme des cookies de suivi, nous vous demandons le droit de les placer.<\/p>\n\n\n\n<p>2.5 Boutons de r\u00e9seaux sociaux<\/p>\n\n\n\n<p>Nous avons inclus sur notre site des boutons pour que Facebook, Twitter ou LinkedIn puissent promouvoir des pages web ou partager sur les r\u00e9seaux sociaux. Ces boutons fonctionnent avec des morceaux de code provenant de Facebook, Twitter et LinkedIn eux-m\u00eames. Ce code place des cookies. Ces boutons de r\u00e9seaux sociaux peuvent \u00e9galement stocker et traiter certaines informations afin de vous montrer des publicit\u00e9s personnalis\u00e9es.<\/p>\n\n\n\n<h2 class=\"wp-block-heading\">3. Listing des cookies utilis\u00e9s<\/h2>\n\n\n\n<p>Pour des d\u00e9tails sur les cookies plac\u00e9s sur ce site web, <a href=\"https:\/\/mangegenealogie.com\/?page_id=1685\" target=\"_blank\" rel=\"noreferrer noopener\" title=\"https:\/\/mangegenealogie.com\/?page_id=1685\">veuillez cliquer ici<\/a>.<\/p>\n\n\n\n<h2 class=\"wp-block-heading\">4. Consentement et \u00e2ge l\u00e9gal  <\/h2>\n\n\n\n<p>Lorsque vous visitez notre site pour la premi\u00e8re fois, nous vous montrerons une fen\u00eatre contextuelle avec une explication sur les cookies. D\u00e8s que vous cliquez sur \u00ab&nbsp;Accepter&nbsp;\u00bb, vous consentez \u00e0 ce que nous utilisions tous les cookies et extensions comme d\u00e9crit dans la fen\u00eatre contextuelle et la pr\u00e9sente politique. Vous pouvez d\u00e9sactiver l\u2019utilisation des cookies via votre navigateur, mais veuillez noter que notre site web pourrait ne plus fonctionner correctement. En utilisant ce site vous d\u00e9clarez que vous avez au moins l\u2019\u00e2ge de la majorit\u00e9 dans votre pays ou pays de r\u00e9sidence, et que vous avez donn\u00e9 votre consentement \u00e0 toute personne d\u2019\u00e2ge mineur \u00e0 votre charge pour utiliser ce site.<\/p>\n\n\n\n<h2 class=\"wp-block-heading\">5. Stockage et divulgation de vos donn\u00e9es personnelles<\/h2>\n\n\n\n<p>Pour leur traitement, vos donn\u00e9es personnelles peuvent \u00eatre stock\u00e9es sur un serveur priv\u00e9 et accessible uniquement en interne \u00e0 l\u2019\u00c9tude G\u00e9n\u00e9alogique Micka\u00ebl Mange. Nous pouvons \u00e9galement divulguer vos donn\u00e9es personnelles si la loi nous oblige \u00e0 le faire ou si vous violez nos <a href=\"https:\/\/mangegenealogie.com\/?page_id=585\">Conditions g\u00e9n\u00e9rales de vente<\/a>.<\/p>\n\n\n\n<h2 class=\"wp-block-heading\">6. Vos droits sur les donn\u00e9es personnelles<\/h2>\n\n\n\n<p>Vous pouvez librement et \u00e0 tout moment contacter l\u2019\u00c9tude G\u00e9n\u00e9alogique Micka\u00ebl Mange pour une demande d&#8217;information et\/ou de suppression \u00e0 propos de vos donn\u00e9es personnelles. Cela ne prend pas en compte les donn\u00e9es stock\u00e9es, durant les d\u00e9lais pr\u00e9vus par la loi, \u00e0 des fins administratives.<\/p>\n\n\n\n<h2 class=\"wp-block-heading\">7. Identit\u00e9 et coordonn\u00e9es du gestionnaire des donn\u00e9es<\/h2>\n\n\n\n<p>\u00c9tude G\u00e9n\u00e9alogique Micka\u00ebl Mange, repr\u00e9sent\u00e9e par Monsieur Mange Micka\u00ebl.<br>Adresse postale : 12 place Saint-Vallier, 38140 RIVES, FRANCE<br>Email : <a href=\"mailto:contact@mangegenealogie.com\">contact@mangegenealogie.com<\/a><br>T\u00e9l\u00e9phone : <a href=\"tel:+33458150411\">+33 4 58 15 04 11<\/a> <\/p>\n\n\n\n<h2 class=\"wp-block-heading\">8. Formulaires de contact<\/h2>\n\n\n\n<p>Lorsque vous soumettez un formulaire de contact, nous collectons et stockons vos nom et pr\u00e9nom, adresse postale, adresse email, num\u00e9ro de t\u00e9l\u00e9phone et toutes les informations d&#8217;ordre g\u00e9n\u00e9alogique que vous soumettrez, ainsi que les \u00e9ventuelles pi\u00e8ces jointes. Ces informations seront utilis\u00e9es pour r\u00e9pondre \u00e0 votre demande, vous proposer un devis, effectuer des recherches g\u00e9n\u00e9alogiques, ou pour se conformer aux autres op\u00e9rations li\u00e9es \u00e0 notre activit\u00e9. Seule l&#8217;\u00c9tude G\u00e9n\u00e9alogique Micka\u00ebl Mange utilise et acc\u00e8de \u00e0 ces informations.   Nous nous r\u00e9servons \u00e9galement le droit de mener des op\u00e9rations de marketing et d&#8217;adresser des publicit\u00e9s aux prospects qui ne s\u2019y sont pas oppos\u00e9 et\/ou qui l\u2019ont accept\u00e9. <\/p>\n\n\n\n<h2 class=\"wp-block-heading\">9. Boutique<\/h2>\n\n\n\n<p>9.1 Navigation <\/p>\n\n\n\n<p>Nous utilisons des cookies pour suivre votre historique de consultation sur la boutique, afin d&#8217;afficher les produits que vous avez vus r\u00e9cemment. Nous utilisons des cookies pour m\u00e9moriser et afficher le contenu de votre panier. Nous suivons votre localisation, adresse IP et type de navigateur&nbsp;afin d&#8217;estimer les frais de port. <\/p>\n\n\n\n<p>9.2 Commandes<\/p>\n\n\n\n<p>Lors de la validation d&#8217;une commande, nous collectons et stockons vos nom et pr\u00e9nom, adresse de facturation, adresse de livraison (si diff\u00e9rente), adresse email, num\u00e9ro de t\u00e9l\u00e9phone, donn\u00e9es de paiement \/ carte bancaire. Ces informations seront utilis\u00e9es pour&nbsp;l&#8217;envoi d&#8217;email de confirmation \u00e0 propos de votre commande, pour le traitement et le suivi de votre achat, pour l&#8217;exp\u00e9dition de vos commandes, les demandes de remboursements, ou pour se conformer aux autres op\u00e9rations li\u00e9es \u00e0 notre activit\u00e9. Seule l&#8217;\u00c9tude G\u00e9n\u00e9alogique Micka\u00ebl Mange utilise et acc\u00e8de \u00e0 ces informations. Cependant, dans le cadre de produits n\u00e9cessitant une livraison \u00e0 domicile, nous devons divulguer vos informations aux soci\u00e9t\u00e9s r\u00e9alisant les services de livraison. Nous nous r\u00e9servons \u00e9galement le droit de mener des op\u00e9rations de marketing et d&#8217;adresser des publicit\u00e9s aux clients qui ne s\u2019y sont pas oppos\u00e9 et\/ou qui l\u2019ont accept\u00e9.<\/p>\n\n\n\n<h2 class=\"wp-block-heading\">10. Blog <\/h2>\n\n\n\n<p>10.1 Commentaires <\/p>\n\n\n\n<p>Quand vous laissez un commentaire sur notre site, les donn\u00e9es inscrites dans le formulaire de commentaire, mais aussi votre adresse IP et l\u2019agent utilisateur de votre navigateur sont collect\u00e9s pour nous aider \u00e0 la d\u00e9tection des commentaires ind\u00e9sirables. Si vous d\u00e9posez un commentaire sur notre site, il vous sera propos\u00e9 d\u2019enregistrer votre nom et adresse email afin de ne pas avoir \u00e0 saisir ces informations si vous d\u00e9posez un autre commentaire plus tard. <\/p>\n\n\n\n<p>10.2 Mod\u00e9ration<\/p>\n\n\n\n<p>Bien que les internautes soient encourag\u00e9s \u00e0 publier des commentaires sur l\u2019espace blog de ce site, les commentaires n\u2019ayant aucun rapport avec le contenu du blog seront consid\u00e9r\u00e9s comme du spam et par cons\u00e9quent supprim\u00e9s. Les commentaires injurieux ou ayant des connotations racistes, violentes ou sexuelles seront \u00e9galement supprim\u00e9s.<\/p>\n\n\n\n<h2 class=\"wp-block-heading\">11. Liens externes <\/h2>\n\n\n\n<p>11.1 Contenu embarqu\u00e9 <\/p>\n\n\n\n<p>Les articles et pages de ce site peuvent inclure des contenus int\u00e9gr\u00e9s, comme des vid\u00e9os, des images, ou des articles. Le contenu int\u00e9gr\u00e9 depuis d\u2019autres sites se comporte de la m\u00eame mani\u00e8re que si le visiteur se rendait sur cet autre site. Ces sites pourraient collecter des donn\u00e9es sur vous, utiliser des cookies, embarquer des outils de suivis tiers, suivre vos interactions avec ces contenus embarqu\u00e9s si vous disposez d\u2019un compte connect\u00e9 sur leur site.<\/p>\n\n\n\n<p>11.2 Limite de responsabilit\u00e9<\/p>\n\n\n\n<p>Les liens hypertextes vers d\u2019autres sites n\u2019engagent pas la responsabilit\u00e9 de l\u2019\u00c9tude G\u00e9n\u00e9alogique Micka\u00ebl Mange quant au contenu de ces sites. L\u2019acc\u00e8s \u00e0 ces autres sites se fait aux risques de l\u2019utilisateur. Nous ne pourrons pas \u00eatre tenus responsables des dommages directs ou indirects r\u00e9sultant de l\u2019utilisation de ces sites.<\/p>\n","protected":false},"excerpt":{"rendered":"<p>La pr\u00e9sente politique fait r\u00e9f\u00e9rence au site https:\/\/mangegenealogie.com, en vertu du R\u00e8glement g\u00e9n\u00e9ral sur la protection des donn\u00e9es (RGPD). Cette politique s\u2019applique aux citoyens et aux r\u00e9sidents permanents l\u00e9gaux de l\u2019Espace \u00e9conomique europ\u00e9en. 1. Introduction Notre site utilise des cookies et autres technologies li\u00e9es (par simplification, toutes ces technologies sont d\u00e9sign\u00e9es par le terme \u00ab [&hellip;]<\/p>\n","protected":false},"author":1,"featured_media":0,"parent":0,"menu_order":0,"comment_status":"closed","ping_status":"closed","template":"","meta":{"disable_featured_image":false,"advanced_seo_description":"","jetpack_seo_html_title":"","jetpack_seo_noindex":false,"footnotes":""},"jetpack_sharing_enabled":true,"_links":{"self":[{"href":"https:\/\/mangegenealogie.com\/index.php?rest_route=\/wp\/v2\/pages\/598"}],"collection":[{"href":"https:\/\/mangegenealogie.com\/index.php?rest_route=\/wp\/v2\/pages"}],"about":[{"href":"https:\/\/mangegenealogie.com\/index.php?rest_route=\/wp\/v2\/types\/page"}],"author":[{"embeddable":true,"href":"https:\/\/mangegenealogie.com\/index.php?rest_route=\/wp\/v2\/users\/1"}],"replies":[{"embeddable":true,"href":"https:\/\/mangegenealogie.com\/index.php?rest_route=%2Fwp%2Fv2%2Fcomments&post=598"}],"version-history":[{"count":2,"href":"https:\/\/mangegenealogie.com\/index.php?rest_route=\/wp\/v2\/pages\/598\/revisions"}],"predecessor-version":[{"id":2169,"href":"https:\/\/mangegenealogie.com\/index.php?rest_route=\/wp\/v2\/pages\/598\/revisions\/2169"}],"wp:attachment":[{"href":"https:\/\/mangegenealogie.com\/index.php?rest_route=%2Fwp%2Fv2%2Fmedia&parent=598"}],"curies":[{"name":"wp","href":"https:\/\/api.w.org\/{rel}","templated":true}]}}