{"id":648,"date":"2021-08-26T12:49:07","date_gmt":"2021-08-26T10:49:07","guid":{"rendered":"https:\/\/mangegenealogie.com\/?page_id=648"},"modified":"2026-02-23T19:36:03","modified_gmt":"2026-02-23T18:36:03","slug":"votre-projet-genealogique","status":"publish","type":"page","link":"https:\/\/mangegenealogie.com\/?page_id=648","title":{"rendered":"R\u00e9aliser un arbre g\u00e9n\u00e9alogique"},"content":{"rendered":"\n<p>Votre famille est unique et la m\u00e9moire de vos anc\u00eatres est pr\u00e9cieuse. D\u00e9couvrez vos origines en r\u00e9alisant un arbre g\u00e9n\u00e9alogique.<\/p>\n\n\n\n<div style=\"height:20px\" aria-hidden=\"true\" class=\"wp-block-spacer\"><\/div>\n\n\n\n<div class=\"wp-block-buttons is-layout-flex wp-block-buttons-is-layout-flex\">\n<div class=\"wp-block-button is-style-fill\"><a class=\"wp-block-button__link wp-element-button\" href=\"#contact\">Commencer mes recherches<\/a><\/div>\n<\/div>\n\n\n\n<div style=\"height:40px\" aria-hidden=\"true\" class=\"wp-block-spacer\"><\/div>\n\n\n\n<h3 class=\"wp-block-heading\">Pourquoi recourir \u00e0 nos services ?<\/h3>\n\n\n\n<p>Remonter le temps pour partir \u00e0 la d\u00e9couverte de ses anc\u00eatres requiert un savoir-faire que nous pouvons vous apporter. Faire appel \u00e0 un professionnel est incontournable si :<\/p>\n\n\n\n<ul>\n<li><span style=\"font-size: revert;\">Vous souhaitez r\u00e9aliser votre arbre g\u00e9n\u00e9alogique, mais vous ne savez pas comment d\u00e9buter<\/span><\/li>\n\n\n\n<li><span style=\"font-size: revert;\">Vous n&#8217;avez pas de temps \u00e0 consacrer \u00e0 de telles recherches<\/span><\/li>\n\n\n\n<li><span style=\"font-size: revert;\">Les d\u00e9p\u00f4ts d&#8217;archives qui vous int\u00e9ressent sont trop \u00e9loign\u00e9s<\/span><\/li>\n\n\n\n<li><span style=\"font-size: revert;\">Vous \u00eates bloqu\u00e9 dans vos recherches g\u00e9n\u00e9alogiques<\/span><\/li>\n\n\n\n<li><span style=\"font-size: revert;\">Vous \u00eates perdu parmi la diversit\u00e9 des sources d&#8217;archives disponibles<\/span>.<\/li>\n<\/ul>\n\n\n\n<h3 class=\"wp-block-heading\">Ce que vous allez recevoir<\/h3>\n\n\n\n<p>Inclus pour chaque dossier :<\/p>\n\n\n\n<ul>\n<li>Un dossier PDF avec les informations retrouv\u00e9es (noms, dates, lieux, m\u00e9tiers), class\u00e9es par g\u00e9n\u00e9ration<\/li>\n\n\n\n<li>Un arbre g\u00e9n\u00e9alogique de vos anc\u00eatres<\/li>\n\n\n\n<li>Une copie des documents d&#8217;archives retrouv\u00e9s<\/li>\n\n\n\n<li>Une transcription de ces documents d&#8217;archives lorsqu&#8217;aucune copie ne peut \u00eatre effectu\u00e9e<\/li>\n\n\n\n<li>Un fichier Gedcom sur demande, pour explorer nos r\u00e9sultats dans votre logiciel pr\u00e9f\u00e9r\u00e9.<\/li>\n<\/ul>\n\n\n\n<h3 class=\"wp-block-heading\">Exemple de dossier r\u00e9alis\u00e9<\/h3>\n\n\n<p><a href=\"http:\/\/mangegenealogie.com\/wp-content\/uploads\/2026\/02\/Extrait-dossier-Fulgence-Alexandre-XIXe.pdf\" target=\"_blank\" rel=\"noopener\"><img decoding=\"async\" loading=\"lazy\" class=\"alignnone wp-image-2633\" src=\"http:\/\/mangegenealogie.com\/wp-content\/uploads\/2026\/02\/Extrait-dossier-Fulgence-Alexandre-XIXe-0001-scaled.jpg\" alt=\"\" width=\"141\" height=\"200\" srcset=\"https:\/\/mangegenealogie.com\/wp-content\/uploads\/2026\/02\/Extrait-dossier-Fulgence-Alexandre-XIXe-0001-scaled.jpg 1810w, https:\/\/mangegenealogie.com\/wp-content\/uploads\/2026\/02\/Extrait-dossier-Fulgence-Alexandre-XIXe-0001-212x300.jpg 212w, https:\/\/mangegenealogie.com\/wp-content\/uploads\/2026\/02\/Extrait-dossier-Fulgence-Alexandre-XIXe-0001-724x1024.jpg 724w, https:\/\/mangegenealogie.com\/wp-content\/uploads\/2026\/02\/Extrait-dossier-Fulgence-Alexandre-XIXe-0001-768x1086.jpg 768w, https:\/\/mangegenealogie.com\/wp-content\/uploads\/2026\/02\/Extrait-dossier-Fulgence-Alexandre-XIXe-0001-1086x1536.jpg 1086w, https:\/\/mangegenealogie.com\/wp-content\/uploads\/2026\/02\/Extrait-dossier-Fulgence-Alexandre-XIXe-0001-1448x2048.jpg 1448w, https:\/\/mangegenealogie.com\/wp-content\/uploads\/2026\/02\/Extrait-dossier-Fulgence-Alexandre-XIXe-0001-416x588.jpg 416w\" sizes=\"(max-width: 141px) 100vw, 141px\" \/><\/a>Fulgence Alexandre, parcours d&#8217;un enfant abandonn\u00e9 au XIXe si\u00e8cle (extrait).<\/p>\n<p><a href=\"http:\/\/mangegenealogie.com\/wp-content\/uploads\/2026\/02\/Extrait-dossier-Fulgence-Alexandre-XIXe.pdf\" target=\"_blank\" rel=\"noopener\">Voir l&#8217;exemple<\/a>\u00a0(PDF).<\/p>\n\n\n<h3 class=\"wp-block-heading\">Honoraires<\/h3>\n\n\n\n<p>Tarif horaire : 38\u20ac. <\/p>\n\n\n\n<p>Aucun engagement. Un devis gratuit vous sera toujours soumis avant les recherches.<\/p>\n\n\n\n<div style=\"height:70px\" aria-hidden=\"true\" id=\"contact\" class=\"wp-block-spacer\"><\/div>\n\n\n\n<h3 class=\"wp-block-heading\">Commencez vos recherches d\u00e8s aujourd\u2019hui <\/h3>\n\n\n<p>Remplissez ce formulaire afin de recevoir une \u00e9tude personnalis\u00e9e et gratuite.<\/p>\n\n\n<div class=\"wpcf7 no-js\" id=\"wpcf7-f1010-o1\" lang=\"fr-FR\" dir=\"ltr\">\n<div class=\"screen-reader-response\"><p role=\"status\" aria-live=\"polite\" aria-atomic=\"true\"><\/p> <ul><\/ul><\/div>\n<form action=\"\/index.php?rest_route=%2Fwp%2Fv2%2Fpages%2F648#wpcf7-f1010-o1\" method=\"post\" class=\"wpcf7-form init\" aria-label=\"Formulaire de contact\" enctype=\"multipart\/form-data\" novalidate=\"novalidate\" data-status=\"init\">\n<div style=\"display: none;\">\n<input type=\"hidden\" name=\"_wpcf7\" value=\"1010\" \/>\n<input type=\"hidden\" name=\"_wpcf7_version\" value=\"5.8.1\" \/>\n<input type=\"hidden\" name=\"_wpcf7_locale\" value=\"fr_FR\" \/>\n<input type=\"hidden\" name=\"_wpcf7_unit_tag\" value=\"wpcf7-f1010-o1\" \/>\n<input type=\"hidden\" name=\"_wpcf7_container_post\" value=\"0\" \/>\n<input type=\"hidden\" name=\"_wpcf7_posted_data_hash\" value=\"\" \/>\n<input type=\"hidden\" name=\"_wpcf7_recaptcha_response\" value=\"\" \/>\n<\/div>\n<p><label> Nom et pr\u00e9nom*<br \/>\n<span class=\"wpcf7-form-control-wrap\" data-name=\"your-name\"><input size=\"40\" class=\"wpcf7-form-control wpcf7-text wpcf7-validates-as-required\" aria-required=\"true\" aria-invalid=\"false\" value=\"\" type=\"text\" name=\"your-name\" \/><\/span> <\/label>\n<\/p>\n<p><label> Email*<br \/>\n<span class=\"wpcf7-form-control-wrap\" data-name=\"your-email\"><input size=\"40\" class=\"wpcf7-form-control wpcf7-email wpcf7-validates-as-required wpcf7-text wpcf7-validates-as-email\" aria-required=\"true\" aria-invalid=\"false\" value=\"\" type=\"email\" name=\"your-email\" \/><\/span> <\/label>\n<\/p>\n<p><label> T\u00e9l\u00e9phone <i>(facultatif)<\/i><br \/>\n<span class=\"wpcf7-form-control-wrap\" data-name=\"tel-268\"><input size=\"40\" class=\"wpcf7-form-control wpcf7-tel wpcf7-text wpcf7-validates-as-tel\" aria-invalid=\"false\" value=\"\" type=\"tel\" name=\"tel-268\" \/><\/span> <\/label>\n<\/p>\n<p><label> Qui sera le sujet des recherches g\u00e9n\u00e9alogiques ?*<br \/>\n<i>Merci de pr\u00e9ciser les nom et pr\u00e9nom de la personne ainsi que les dates et lieux de vie connus. Exemple : les recherches concernent mon grand-p\u00e8re maternel, Ferdinand MARTEL, n\u00e9 \u00e0 Grenoble le 11 juillet 1930, etc\u2026<\/i><br \/>\n<span class=\"wpcf7-form-control-wrap\" data-name=\"textarea-1\"><textarea cols=\"40\" rows=\"2\" class=\"wpcf7-form-control wpcf7-textarea wpcf7-validates-as-required\" aria-required=\"true\" aria-invalid=\"false\" name=\"textarea-1\"><\/textarea><\/span><\/label>\n<\/p>\n<p><label> Quels sont vos objectifs ?*<br \/>\n<i> Merci de pr\u00e9ciser vos objectifs de recherche afin que nous puissions vous fournir un devis adapt\u00e9. Exemple : un arbre g\u00e9n\u00e9alogique en lign\u00e9e paternelle, sur trois g\u00e9n\u00e9rations, etc\u2026<\/i><br \/>\n<span class=\"wpcf7-form-control-wrap\" data-name=\"textarea-2\"><textarea cols=\"40\" rows=\"2\" class=\"wpcf7-form-control wpcf7-textarea wpcf7-validates-as-required\" aria-required=\"true\" aria-invalid=\"false\" name=\"textarea-2\"><\/textarea><\/span><\/label>\n<\/p>\n<p><label> Joindre un fichier <i>(facultatif)<\/i><br \/>\n<i>Vous pouvez joindre \u00e0 votre demande tout document que vous jugerez pertinent. Exemple : copie d'acte d'\u00e9tat civil, livret de famille, etc\u2026 Formats pris en charge : gif, png, jpg, jpeg, pdf. Taille limite : 3 MB.<\/i><br \/>\n<span class=\"wpcf7-form-control-wrap\" data-name=\"file-945\"><input size=\"40\" class=\"wpcf7-form-control wpcf7-file\" accept=\".gif,.png,.jpg,.jpeg,.pdf\" aria-invalid=\"false\" type=\"file\" name=\"file-945\" \/><\/span> <\/label>\n<\/p>\n<span class=\"wpcf7-form-control-wrap recaptcha\" data-name=\"recaptcha\"><span data-sitekey=\"6LcOP3UgAAAAAMP9KkorfI8iDR4tpJRPdX9Yzn4O\" class=\"wpcf7-form-control wpcf7-recaptcha g-recaptcha\"><\/span>\r\n<noscript>\r\n\t<div class=\"grecaptcha-noscript\">\r\n\t\t<iframe src=\"https:\/\/www.google.com\/recaptcha\/api\/fallback?k=6LcOP3UgAAAAAMP9KkorfI8iDR4tpJRPdX9Yzn4O\" frameborder=\"0\" scrolling=\"no\" width=\"310\" height=\"430\">\r\n\t\t<\/iframe>\r\n\t\t<textarea name=\"g-recaptcha-response\" rows=\"3\" cols=\"40\" placeholder=\"reCaptcha Response Here\">\r\n\t\t<\/textarea>\r\n\t<\/div>\r\n<\/noscript>\r\n<\/span>\n<p><input class=\"wpcf7-form-control wpcf7-submit has-spinner\" type=\"submit\" value=\"Envoyer\" \/>\n<\/p>\n<p><i>Conformit\u00e9 RGPD : veuillez consulter notre <a style=\"color: #bc9d5c;\" href=\"https:\/\/mangegenealogie.com\/?page_id=598\">politique de confidentialit\u00e9<\/a>.<\/i>\n<\/p><p style=\"display: none !important;\"><label>&#916;<textarea name=\"_wpcf7_ak_hp_textarea\" cols=\"45\" rows=\"8\" maxlength=\"100\"><\/textarea><\/label><input type=\"hidden\" id=\"ak_js_1\" name=\"_wpcf7_ak_js\" value=\"224\"\/><script>document.getElementById( \"ak_js_1\" ).setAttribute( \"value\", ( new Date() ).getTime() );<\/script><\/p><div class=\"wpcf7-response-output\" aria-hidden=\"true\"><\/div>\n<\/form>\n<\/div>\n\n","protected":false},"excerpt":{"rendered":"<p>Votre famille est unique et la m\u00e9moire de vos anc\u00eatres est pr\u00e9cieuse. D\u00e9couvrez vos origines en r\u00e9alisant un arbre g\u00e9n\u00e9alogique. Pourquoi recourir \u00e0 nos services ? Remonter le temps pour partir \u00e0 la d\u00e9couverte de ses anc\u00eatres requiert un savoir-faire que nous pouvons vous apporter. Faire appel \u00e0 un professionnel est incontournable si : Ce [&hellip;]<\/p>\n","protected":false},"author":1,"featured_media":0,"parent":0,"menu_order":0,"comment_status":"closed","ping_status":"closed","template":"","meta":{"disable_featured_image":false,"advanced_seo_description":"","jetpack_seo_html_title":"","jetpack_seo_noindex":false,"footnotes":""},"jetpack_sharing_enabled":true,"_links":{"self":[{"href":"https:\/\/mangegenealogie.com\/index.php?rest_route=\/wp\/v2\/pages\/648"}],"collection":[{"href":"https:\/\/mangegenealogie.com\/index.php?rest_route=\/wp\/v2\/pages"}],"about":[{"href":"https:\/\/mangegenealogie.com\/index.php?rest_route=\/wp\/v2\/types\/page"}],"author":[{"embeddable":true,"href":"https:\/\/mangegenealogie.com\/index.php?rest_route=\/wp\/v2\/users\/1"}],"replies":[{"embeddable":true,"href":"https:\/\/mangegenealogie.com\/index.php?rest_route=%2Fwp%2Fv2%2Fcomments&post=648"}],"version-history":[{"count":51,"href":"https:\/\/mangegenealogie.com\/index.php?rest_route=\/wp\/v2\/pages\/648\/revisions"}],"predecessor-version":[{"id":2662,"href":"https:\/\/mangegenealogie.com\/index.php?rest_route=\/wp\/v2\/pages\/648\/revisions\/2662"}],"wp:attachment":[{"href":"https:\/\/mangegenealogie.com\/index.php?rest_route=%2Fwp%2Fv2%2Fmedia&parent=648"}],"curies":[{"name":"wp","href":"https:\/\/api.w.org\/{rel}","templated":true}]}}