{"id":1379,"date":"2021-11-06T19:27:02","date_gmt":"2021-11-06T18:27:02","guid":{"rendered":"https:\/\/mangegenealogie.com\/?post_type=product&#038;p=1379"},"modified":"2022-08-19T14:26:48","modified_gmt":"2022-08-19T12:26:48","slug":"poster-a3","status":"publish","type":"product","link":"https:\/\/mangegenealogie.com\/?product=poster-a3","title":{"rendered":"Poster Arbre G\u00e9n\u00e9alogique (format A3)"},"content":{"rendered":"<p>Vous souhaitez conserver et imprimer le fruit de vos recherches familiales ? Un poster de votre arbre g\u00e9n\u00e9alogique vous permettra de faire plaisir \u00e0 l&#8217;un de vos proches, ou de d\u00e9corer et personnaliser votre int\u00e9rieur. Nous imprimons votre arbre g\u00e9n\u00e9alogique sur un poster au format A3 (29,7 x 42 cm) qui pourra contenir entre 4 et 5 g\u00e9n\u00e9rations (estimatif). Votre poster est personnalisable : faites votre choix parmi nos mod\u00e8les. De plus, avant toute impression, nous vous soumettrons le projet afin d&#8217;obtenir votre validation. Nous portons un soin particulier \u00e0 chaque poster : prot\u00e9g\u00e9 par du papier cristal lors de l&#8217;emballage, votre poster g\u00e9n\u00e9alogique vous sera transmit par voie postale, sous tube afin d&#8217;\u00e9viter tout dommage lors la livraison. Grammage papier du poster : 80 g\/m\u00b2. Dimensions du tube : 5 x 45 cm. Ce tarif n&#8217;inclut pas de recherches g\u00e9n\u00e9alogiques. Photos non contractuelles. Livraison en France m\u00e9tropolitaine (Colissimo non standard) en sus pour 10,95\u20ac.<\/p>\n","protected":false},"excerpt":{"rendered":"<p>Nous imprimons votre arbre g\u00e9n\u00e9alogique sur un poster personnalisable au format A3. Faites votre choix parmi nos mod\u00e8les. Id\u00e9al pour offrir \u00e0 un proche ou pour d\u00e9corer votre int\u00e9rieur.<\/p>\n","protected":false},"featured_media":1504,"template":"","meta":{"disable_featured_image":false,"advanced_seo_description":"","jetpack_seo_html_title":"","jetpack_seo_noindex":false},"product_cat":[15],"product_tag":[105],"jetpack_sharing_enabled":true,"_links":{"self":[{"href":"https:\/\/mangegenealogie.com\/index.php?rest_route=\/wp\/v2\/product\/1379"}],"collection":[{"href":"https:\/\/mangegenealogie.com\/index.php?rest_route=\/wp\/v2\/product"}],"about":[{"href":"https:\/\/mangegenealogie.com\/index.php?rest_route=\/wp\/v2\/types\/product"}],"wp:featuredmedia":[{"embeddable":true,"href":"https:\/\/mangegenealogie.com\/index.php?rest_route=\/wp\/v2\/media\/1504"}],"wp:attachment":[{"href":"https:\/\/mangegenealogie.com\/index.php?rest_route=%2Fwp%2Fv2%2Fmedia&parent=1379"}],"wp:term":[{"taxonomy":"product_cat","embeddable":true,"href":"https:\/\/mangegenealogie.com\/index.php?rest_route=%2Fwp%2Fv2%2Fproduct_cat&post=1379"},{"taxonomy":"product_tag","embeddable":true,"href":"https:\/\/mangegenealogie.com\/index.php?rest_route=%2Fwp%2Fv2%2Fproduct_tag&post=1379"}],"curies":[{"name":"wp","href":"https:\/\/api.w.org\/{rel}","templated":true}]}}