{"id":49,"date":"2021-08-20T20:02:53","date_gmt":"2021-08-20T18:02:53","guid":{"rendered":"https:\/\/mangegenealogie.com\/?post_type=product&#038;p=49"},"modified":"2022-06-24T14:56:27","modified_gmt":"2022-06-24T12:56:27","slug":"carte-cadeau","status":"publish","type":"product","link":"https:\/\/mangegenealogie.com\/?product=carte-cadeau","title":{"rendered":"Carte Cadeau"},"content":{"rendered":"<p>Vous souhaitez offrir une prestation g\u00e9n\u00e9alogique \u00e0 l&#8217;un de vos proches ? Offrez-lui une carte cadeau ! C&#8217;est vous qui d\u00e9terminez son montant, de 50\u20ac \u00e0 150\u20ac. La carte est valable un an \u00e0 partir de la date d&#8217;achat, utilisable pour toute prestation de recherche effectu\u00e9e par notre \u00c9tude, ou sur les produits et services de cette boutique. Apr\u00e8s validation de votre achat, la carte cadeau sera transmise par courrier avec son enveloppe bleue assortie, \u00e0 l&#8217;adresse de votre choix. Photos non contractuelles. Livraison en France m\u00e9tropolitaine (Lettre prioritaire) en sus pour 2,80\u20ac.<\/p>\n","protected":false},"excerpt":{"rendered":"<p>Offrez une carte cadeau d\u00e8s 50\u20ac, valable pour toute prestation de recherche g\u00e9n\u00e9alogique, ou sur les produits et services de cette boutique.<\/p>\n","protected":false},"featured_media":1391,"template":"","meta":{"disable_featured_image":false,"advanced_seo_description":"","jetpack_seo_html_title":"","jetpack_seo_noindex":false},"product_cat":[15],"product_tag":[],"jetpack_sharing_enabled":true,"_links":{"self":[{"href":"https:\/\/mangegenealogie.com\/index.php?rest_route=\/wp\/v2\/product\/49"}],"collection":[{"href":"https:\/\/mangegenealogie.com\/index.php?rest_route=\/wp\/v2\/product"}],"about":[{"href":"https:\/\/mangegenealogie.com\/index.php?rest_route=\/wp\/v2\/types\/product"}],"wp:featuredmedia":[{"embeddable":true,"href":"https:\/\/mangegenealogie.com\/index.php?rest_route=\/wp\/v2\/media\/1391"}],"wp:attachment":[{"href":"https:\/\/mangegenealogie.com\/index.php?rest_route=%2Fwp%2Fv2%2Fmedia&parent=49"}],"wp:term":[{"taxonomy":"product_cat","embeddable":true,"href":"https:\/\/mangegenealogie.com\/index.php?rest_route=%2Fwp%2Fv2%2Fproduct_cat&post=49"},{"taxonomy":"product_tag","embeddable":true,"href":"https:\/\/mangegenealogie.com\/index.php?rest_route=%2Fwp%2Fv2%2Fproduct_tag&post=49"}],"curies":[{"name":"wp","href":"https:\/\/api.w.org\/{rel}","templated":true}]}}